{"id":145,"date":"2016-06-05T22:12:38","date_gmt":"2016-06-05T21:12:38","guid":{"rendered":"http:\/\/roskildebmx.dk\/?page_id=145"},"modified":"2026-04-08T11:47:20","modified_gmt":"2026-04-08T10:47:20","slug":"kalender","status":"publish","type":"page","link":"http:\/\/roskildebmx.dk\/?page_id=145","title":{"rendered":"Kalender"},"content":{"rendered":"<p><iframe loading=\"lazy\" style=\"border: solid 1px #777;\" src=\"https:\/\/calendar.google.com\/calendar\/embed?height=600&amp;wkst=1&amp;ctz=Europe%2FCopenhagen&amp;showPrint=0&amp;src=cm9za2lsZGVibXguZGtfZWVrb285OTJkcTZkY3BzbW1qb3ZocDh1ZDBAZ3JvdXAuY2FsZW5kYXIuZ29vZ2xlLmNvbQ&amp;src=cm9za2lsZGVibXguZGtfczBjdG9scjlyNWZrZDlybmtzNDVsNnVmMGdAZ3JvdXAuY2FsZW5kYXIuZ29vZ2xlLmNvbQ&amp;color=%23d50000&amp;color=%23ef6c00\" width=\"800\" height=\"600\" frameborder=\"0\" scrolling=\"no\"><\/iframe><\/p>\n\n\n<p><\/p>\n","protected":false},"excerpt":{"rendered":"","protected":false},"author":2,"featured_media":584,"parent":0,"menu_order":0,"comment_status":"closed","ping_status":"closed","template":"page-full-width.php","meta":{"jetpack_post_was_ever_published":false,"footnotes":""},"class_list":["post-145","page","type-page","status-publish","has-post-thumbnail","hentry"],"jetpack_sharing_enabled":true,"jetpack_shortlink":"https:\/\/wp.me\/P7gy79-2l","jetpack-related-posts":[{"id":51,"url":"http:\/\/roskildebmx.dk\/?page_id=51","url_meta":{"origin":145,"position":0},"title":"Om BMX","author":"rosbmx","date":"22\/02\/2016","format":false,"excerpt":"BMX-cyklen bruges til flere discipliner: Freestyle, en stil-disciplin som k\u00f8res p\u00e5 kraftigt byggede cykler p\u00e5 ramper og andre kunstige forhindringer, og racing, som er en sprinterdisciplin med lettere cykler p\u00e5 en bane med forhindringer. BMX st\u00e5r for Bicycle Moto Cross, og BMX racing er\u00a0 i Danmark organiseret under Danmarks Cykle\u2026","rel":"","context":"Similar post","block_context":{"text":"Similar post","link":""},"img":{"alt_text":"","src":"https:\/\/i0.wp.com\/roskildebmx.dk\/wp-content\/uploads\/2016\/02\/slide5.jpg?fit=1200%2C797&resize=350%2C200","width":350,"height":200,"srcset":"https:\/\/i0.wp.com\/roskildebmx.dk\/wp-content\/uploads\/2016\/02\/slide5.jpg?fit=1200%2C797&resize=350%2C200 1x, https:\/\/i0.wp.com\/roskildebmx.dk\/wp-content\/uploads\/2016\/02\/slide5.jpg?fit=1200%2C797&resize=525%2C300 1.5x, https:\/\/i0.wp.com\/roskildebmx.dk\/wp-content\/uploads\/2016\/02\/slide5.jpg?fit=1200%2C797&resize=700%2C400 2x, https:\/\/i0.wp.com\/roskildebmx.dk\/wp-content\/uploads\/2016\/02\/slide5.jpg?fit=1200%2C797&resize=1050%2C600 3x"},"classes":[]}],"_links":{"self":[{"href":"http:\/\/roskildebmx.dk\/index.php?rest_route=\/wp\/v2\/pages\/145","targetHints":{"allow":["GET"]}}],"collection":[{"href":"http:\/\/roskildebmx.dk\/index.php?rest_route=\/wp\/v2\/pages"}],"about":[{"href":"http:\/\/roskildebmx.dk\/index.php?rest_route=\/wp\/v2\/types\/page"}],"author":[{"embeddable":true,"href":"http:\/\/roskildebmx.dk\/index.php?rest_route=\/wp\/v2\/users\/2"}],"replies":[{"embeddable":true,"href":"http:\/\/roskildebmx.dk\/index.php?rest_route=%2Fwp%2Fv2%2Fcomments&post=145"}],"version-history":[{"count":12,"href":"http:\/\/roskildebmx.dk\/index.php?rest_route=\/wp\/v2\/pages\/145\/revisions"}],"predecessor-version":[{"id":895,"href":"http:\/\/roskildebmx.dk\/index.php?rest_route=\/wp\/v2\/pages\/145\/revisions\/895"}],"wp:featuredmedia":[{"embeddable":true,"href":"http:\/\/roskildebmx.dk\/index.php?rest_route=\/wp\/v2\/media\/584"}],"wp:attachment":[{"href":"http:\/\/roskildebmx.dk\/index.php?rest_route=%2Fwp%2Fv2%2Fmedia&parent=145"}],"curies":[{"name":"wp","href":"https:\/\/api.w.org\/{rel}","templated":true}]}}