{"id":24,"date":"2016-02-22T21:48:14","date_gmt":"2016-02-22T21:48:14","guid":{"rendered":"http:\/\/roskildebmx.dk\/?page_id=24"},"modified":"2021-04-19T18:16:07","modified_gmt":"2021-04-19T17:16:07","slug":"nyheder","status":"publish","type":"page","link":"http:\/\/roskildebmx.dk\/?page_id=24","title":{"rendered":"Nyheder"},"content":{"rendered":"<p>Nyheder<\/p>\n","protected":false},"excerpt":{"rendered":"<p>Nyheder<\/p>\n","protected":false},"author":1,"featured_media":582,"parent":0,"menu_order":0,"comment_status":"closed","ping_status":"closed","template":"blog-post.php","meta":{"jetpack_post_was_ever_published":false,"footnotes":""},"class_list":["post-24","page","type-page","status-publish","has-post-thumbnail","hentry"],"jetpack_sharing_enabled":true,"jetpack_shortlink":"https:\/\/wp.me\/P7gy79-o","jetpack-related-posts":[{"id":56,"url":"http:\/\/roskildebmx.dk\/?page_id=56","url_meta":{"origin":24,"position":0},"title":"Events","author":"rosbmx","date":"23\/02\/2016","format":false,"excerpt":"\u00d8nsker du at leje Roskilde BMX\u2019s bane til afholdelse af et arrangement, kan du g\u00f8re det til f\u00f8lgende priser: B\u00f8rne- og unge arrangementer (op til 18 \u00e5r), som f.eks. klasse arrangement, b\u00f8rnef\u00f8dselsdag osv.: Pris 2000,- for maksimalt 16 personer, med mindre andet aftales med Roskilde BMX. Instrukt\u00f8r stilles til r\u00e5dighed.\u2026","rel":"","context":"In &quot;Nyheder&quot;","block_context":{"text":"Nyheder","link":"http:\/\/roskildebmx.dk\/?cat=6"},"img":{"alt_text":"","src":"https:\/\/i0.wp.com\/roskildebmx.dk\/wp-content\/uploads\/2016\/02\/events1.jpg?fit=960%2C720&resize=350%2C200","width":350,"height":200,"srcset":"https:\/\/i0.wp.com\/roskildebmx.dk\/wp-content\/uploads\/2016\/02\/events1.jpg?fit=960%2C720&resize=350%2C200 1x, https:\/\/i0.wp.com\/roskildebmx.dk\/wp-content\/uploads\/2016\/02\/events1.jpg?fit=960%2C720&resize=525%2C300 1.5x, https:\/\/i0.wp.com\/roskildebmx.dk\/wp-content\/uploads\/2016\/02\/events1.jpg?fit=960%2C720&resize=700%2C400 2x"},"classes":[]},{"id":26,"url":"http:\/\/roskildebmx.dk\/?page_id=26","url_meta":{"origin":24,"position":1},"title":"Medlemsskab","author":"rosbmx","date":"22\/02\/2016","format":false,"excerpt":"Vi optager p.t kun medlemmer p\u00e5 Kom og pr\u00f8v samt vores hold 1. ALLE medlemmer af Roskilde BMX klub skal have en licens hos DCU \u2013 ogs\u00e5 selvom man ikke skal k\u00f8re l\u00f8b. Kontingentet udg\u00f8r samlet 1820,- for perioden 1\/4-2024 til 31\/3-2025 (inkl 20,- gebyr til sportstiming) N\u00e5r du modtager\u2026","rel":"","context":"In &quot;Nyheder&quot;","block_context":{"text":"Nyheder","link":"http:\/\/roskildebmx.dk\/?cat=6"},"img":{"alt_text":"","src":"https:\/\/i0.wp.com\/roskildebmx.dk\/wp-content\/uploads\/2016\/02\/slide4.jpg?fit=1200%2C800&resize=350%2C200","width":350,"height":200,"srcset":"https:\/\/i0.wp.com\/roskildebmx.dk\/wp-content\/uploads\/2016\/02\/slide4.jpg?fit=1200%2C800&resize=350%2C200 1x, https:\/\/i0.wp.com\/roskildebmx.dk\/wp-content\/uploads\/2016\/02\/slide4.jpg?fit=1200%2C800&resize=525%2C300 1.5x, https:\/\/i0.wp.com\/roskildebmx.dk\/wp-content\/uploads\/2016\/02\/slide4.jpg?fit=1200%2C800&resize=700%2C400 2x, https:\/\/i0.wp.com\/roskildebmx.dk\/wp-content\/uploads\/2016\/02\/slide4.jpg?fit=1200%2C800&resize=1050%2C600 3x"},"classes":[]},{"id":387,"url":"http:\/\/roskildebmx.dk\/?page_id=387","url_meta":{"origin":24,"position":2},"title":"Kom og Pr\u00f8v","author":"Mikael Green","date":"12\/03\/2019","format":false,"excerpt":"\u201dKom og Pr\u00f8v\u201d i Roskilde BMX: Vores \u201dKom og pr\u00f8v\u201d koncept forl\u00f8ber over tre gange, hvor man igennem forl\u00f8bet f\u00e5r et stiftet bekendtskab med BMX-sporten, og bliver gjort tryg med at starte i Roskilde BMX. I forbindelse med \u201dKom og pr\u00f8v\u201d, f\u00e5r man stillet cykel og sikkerhedsudstyr til r\u00e5dighed \u2013\u2026","rel":"","context":"In &quot;Nyheder&quot;","block_context":{"text":"Nyheder","link":"http:\/\/roskildebmx.dk\/?cat=6"},"img":{"alt_text":"","src":"https:\/\/i0.wp.com\/roskildebmx.dk\/wp-content\/uploads\/2021\/04\/20210304_182836-scaled.jpg?fit=1200%2C675&resize=350%2C200","width":350,"height":200,"srcset":"https:\/\/i0.wp.com\/roskildebmx.dk\/wp-content\/uploads\/2021\/04\/20210304_182836-scaled.jpg?fit=1200%2C675&resize=350%2C200 1x, https:\/\/i0.wp.com\/roskildebmx.dk\/wp-content\/uploads\/2021\/04\/20210304_182836-scaled.jpg?fit=1200%2C675&resize=525%2C300 1.5x, https:\/\/i0.wp.com\/roskildebmx.dk\/wp-content\/uploads\/2021\/04\/20210304_182836-scaled.jpg?fit=1200%2C675&resize=700%2C400 2x, https:\/\/i0.wp.com\/roskildebmx.dk\/wp-content\/uploads\/2021\/04\/20210304_182836-scaled.jpg?fit=1200%2C675&resize=1050%2C600 3x"},"classes":[]}],"_links":{"self":[{"href":"http:\/\/roskildebmx.dk\/index.php?rest_route=\/wp\/v2\/pages\/24","targetHints":{"allow":["GET"]}}],"collection":[{"href":"http:\/\/roskildebmx.dk\/index.php?rest_route=\/wp\/v2\/pages"}],"about":[{"href":"http:\/\/roskildebmx.dk\/index.php?rest_route=\/wp\/v2\/types\/page"}],"author":[{"embeddable":true,"href":"http:\/\/roskildebmx.dk\/index.php?rest_route=\/wp\/v2\/users\/1"}],"replies":[{"embeddable":true,"href":"http:\/\/roskildebmx.dk\/index.php?rest_route=%2Fwp%2Fv2%2Fcomments&post=24"}],"version-history":[{"count":1,"href":"http:\/\/roskildebmx.dk\/index.php?rest_route=\/wp\/v2\/pages\/24\/revisions"}],"predecessor-version":[{"id":25,"href":"http:\/\/roskildebmx.dk\/index.php?rest_route=\/wp\/v2\/pages\/24\/revisions\/25"}],"wp:featuredmedia":[{"embeddable":true,"href":"http:\/\/roskildebmx.dk\/index.php?rest_route=\/wp\/v2\/media\/582"}],"wp:attachment":[{"href":"http:\/\/roskildebmx.dk\/index.php?rest_route=%2Fwp%2Fv2%2Fmedia&parent=24"}],"curies":[{"name":"wp","href":"https:\/\/api.w.org\/{rel}","templated":true}]}}