{"id":26,"date":"2016-02-22T22:50:02","date_gmt":"2016-02-22T21:50:02","guid":{"rendered":"http:\/\/roskildebmx.dk\/?page_id=26"},"modified":"2024-09-24T13:47:48","modified_gmt":"2024-09-24T12:47:48","slug":"medlemsskab","status":"publish","type":"page","link":"http:\/\/roskildebmx.dk\/?page_id=26","title":{"rendered":"Medlemsskab"},"content":{"rendered":"\n<p>Vi optager p.t kun medlemmer p\u00e5 Kom og pr\u00f8v samt vores hold 1. <\/p>\n\n\n\n<p>ALLE medlemmer af Roskilde BMX klub skal have en licens hos DCU \u2013 ogs\u00e5 selvom man ikke skal k\u00f8re l\u00f8b. Kontingentet udg\u00f8r samlet 1820,- for perioden 1\/4-2024 til 31\/3-2025 (inkl 20,- gebyr til sportstiming) <br> <br>N\u00e5r du modtager bekr\u00e6ftelsesmail p\u00e5 k\u00f8b af licens fra DCU skal denne sendes som dokumentation til kasserer@roskildebmx.dk.<\/p>\n\n\n\n<p><br>1: F\u00f8rst skal man have en DCU licens som man opretter hos <a href=\"https:\/\/dcumedlem.sportstiming.dk\/\">Sportstiming.dk<\/a> . Den licens man skal tegne hedder \u201cBMX\u201d og koster 300,- +20,- i gebyr. Den er obligatorisk og giver samtidig adgang til at deltage i l\u00f8b.  <br>2: Betale kontingent til klubben via <a href=\"http:\/\/tilmelding.roskildebmx.dk\/\">tilmelding.roskildebmx.dk<\/a>. Dette er 1500,-.<br>For at k\u00f8re l\u00f8b i Danmark og i udlandet skal man have en DCU licens (punkt 1). Samtidig skal man k\u00f8be en transponder via DCU p\u00e5 dette link hvis man vil k\u00f8re l\u00f8b i Danmark. Transponder vil ogs\u00e5 blive benyttet til tr\u00e6ning p\u00e5 banen, prim\u00e6rt p\u00e5 hold 2 og 3. Transponderen koster 550,- (per 4\/4-2023).<\/p>\n\n\n\n<p>Transponder kan k\u00f8bes her; <a href=\"https:\/\/shop.cyklingdanmark.dk\/products\/dcu-licens-chip\">https:\/\/shop.cyklingdanmark.dk\/products\/dcu-licens-chip<\/a><\/p>\n\n\n\n<p><br>S\u00e5 husk n\u00e5r I har gennemf\u00f8rt tilmelding via ovenst\u00e5ende link, s\u00e5 bliver I (eller forts\u00e6tter som) medlem af klubben.<\/p>\n\n\n\n<p><a href=\"http:\/\/roskildebmx.dk\/wp-content\/uploads\/2021\/04\/BMX-Licens-2021.pdf\" target=\"_blank\" rel=\"noreferrer noopener\">Vejledning i PDF format <\/a><\/p>\n\n\n\n<p><\/p>\n","protected":false},"excerpt":{"rendered":"<p>Vi optager p.t kun medlemmer p\u00e5 Kom og pr\u00f8v samt vores hold 1. ALLE medlemmer af Roskilde BMX klub skal have en licens hos DCU \u2013 ogs\u00e5 selvom man ikke skal k\u00f8re l\u00f8b. Kontingentet udg\u00f8r samlet 1820,- for perioden 1\/4-2024 til 31\/3-2025 (inkl 20,- gebyr til sportstiming) N\u00e5r du modtager bekr\u00e6ftelsesmail p\u00e5 k\u00f8b af licens [&hellip;]<\/p>\n","protected":false},"author":1,"featured_media":17,"parent":0,"menu_order":1,"comment_status":"closed","ping_status":"closed","template":"page-full-width.php","meta":{"jetpack_post_was_ever_published":false,"footnotes":""},"class_list":["post-26","page","type-page","status-publish","has-post-thumbnail","hentry"],"jetpack_sharing_enabled":true,"jetpack_shortlink":"https:\/\/wp.me\/P7gy79-q","jetpack-related-posts":[{"id":475,"url":"http:\/\/roskildebmx.dk\/?page_id=475","url_meta":{"origin":26,"position":0},"title":"Ny i sporten","author":"Mikael Green","date":"26\/09\/2019","format":false,"excerpt":"Er du ny i BMX sporten eller overvejer at starte til BMX, s\u00e5 l\u00e6s mere her. BMX er en individuel ekstremsport, hvor teknik udg\u00f8r en stor del af at kunne k\u00f8re p\u00e5 den rigtige m\u00e5de. Derfor er teknik en stor del af vores tr\u00e6ning, hvor vi blandt andet tr\u00e6ner i\u2026","rel":"","context":"Similar post","block_context":{"text":"Similar post","link":""},"img":{"alt_text":"","src":"https:\/\/i0.wp.com\/roskildebmx.dk\/wp-content\/uploads\/2017\/10\/SNAB4845.jpg?fit=1200%2C1033&resize=350%2C200","width":350,"height":200,"srcset":"https:\/\/i0.wp.com\/roskildebmx.dk\/wp-content\/uploads\/2017\/10\/SNAB4845.jpg?fit=1200%2C1033&resize=350%2C200 1x, https:\/\/i0.wp.com\/roskildebmx.dk\/wp-content\/uploads\/2017\/10\/SNAB4845.jpg?fit=1200%2C1033&resize=525%2C300 1.5x, https:\/\/i0.wp.com\/roskildebmx.dk\/wp-content\/uploads\/2017\/10\/SNAB4845.jpg?fit=1200%2C1033&resize=700%2C400 2x, https:\/\/i0.wp.com\/roskildebmx.dk\/wp-content\/uploads\/2017\/10\/SNAB4845.jpg?fit=1200%2C1033&resize=1050%2C600 3x"},"classes":[]},{"id":49,"url":"http:\/\/roskildebmx.dk\/?page_id=49","url_meta":{"origin":26,"position":1},"title":"ATK","author":"rosbmx","date":"22\/02\/2016","format":false,"excerpt":"\u00a0 Aldersrelateret tr\u00e6ning\u00a0(ATK) F\u00f8lgende dokument beskriver hvorledes aldersrelateret tr\u00e6ning (ATK) er implementeret i tr\u00e6ningen hos Roskilde BMX Klub. Udgangspunkter er ATK\u2019en som er udviklet af Christian Munk Poulsen, BMX Landstr\u00e6neren under DMU. ATK bruges som kriterie for at indplaceres den enkelte ud\u00f8ver p\u00e5 de hold som Roskilde BMX klub tilbyder,\u2026","rel":"","context":"Similar post","block_context":{"text":"Similar post","link":""},"img":{"alt_text":"","src":"https:\/\/i0.wp.com\/roskildebmx.dk\/wp-content\/uploads\/2016\/02\/pubperiode.jpg?resize=350%2C200","width":350,"height":200,"srcset":"https:\/\/i0.wp.com\/roskildebmx.dk\/wp-content\/uploads\/2016\/02\/pubperiode.jpg?resize=350%2C200 1x, https:\/\/i0.wp.com\/roskildebmx.dk\/wp-content\/uploads\/2016\/02\/pubperiode.jpg?resize=525%2C300 1.5x"},"classes":[]},{"id":51,"url":"http:\/\/roskildebmx.dk\/?page_id=51","url_meta":{"origin":26,"position":2},"title":"Om BMX","author":"rosbmx","date":"22\/02\/2016","format":false,"excerpt":"BMX-cyklen bruges til flere discipliner: Freestyle, en stil-disciplin som k\u00f8res p\u00e5 kraftigt byggede cykler p\u00e5 ramper og andre kunstige forhindringer, og racing, som er en sprinterdisciplin med lettere cykler p\u00e5 en bane med forhindringer. BMX st\u00e5r for Bicycle Moto Cross, og BMX racing er\u00a0 i Danmark organiseret under Danmarks Cykle\u2026","rel":"","context":"Similar post","block_context":{"text":"Similar post","link":""},"img":{"alt_text":"","src":"https:\/\/i0.wp.com\/roskildebmx.dk\/wp-content\/uploads\/2016\/02\/slide5.jpg?fit=1200%2C797&resize=350%2C200","width":350,"height":200,"srcset":"https:\/\/i0.wp.com\/roskildebmx.dk\/wp-content\/uploads\/2016\/02\/slide5.jpg?fit=1200%2C797&resize=350%2C200 1x, https:\/\/i0.wp.com\/roskildebmx.dk\/wp-content\/uploads\/2016\/02\/slide5.jpg?fit=1200%2C797&resize=525%2C300 1.5x, https:\/\/i0.wp.com\/roskildebmx.dk\/wp-content\/uploads\/2016\/02\/slide5.jpg?fit=1200%2C797&resize=700%2C400 2x, https:\/\/i0.wp.com\/roskildebmx.dk\/wp-content\/uploads\/2016\/02\/slide5.jpg?fit=1200%2C797&resize=1050%2C600 3x"},"classes":[]},{"id":387,"url":"http:\/\/roskildebmx.dk\/?page_id=387","url_meta":{"origin":26,"position":3},"title":"Kom og Pr\u00f8v","author":"Mikael Green","date":"12\/03\/2019","format":false,"excerpt":"\u201dKom og Pr\u00f8v\u201d i Roskilde BMX: Vores \u201dKom og pr\u00f8v\u201d koncept forl\u00f8ber over tre gange, hvor man igennem forl\u00f8bet f\u00e5r et stiftet bekendtskab med BMX-sporten, og bliver gjort tryg med at starte i Roskilde BMX. I forbindelse med \u201dKom og pr\u00f8v\u201d, f\u00e5r man stillet cykel og sikkerhedsudstyr til r\u00e5dighed \u2013\u2026","rel":"","context":"In &quot;Nyheder&quot;","block_context":{"text":"Nyheder","link":"http:\/\/roskildebmx.dk\/?cat=6"},"img":{"alt_text":"","src":"https:\/\/i0.wp.com\/roskildebmx.dk\/wp-content\/uploads\/2021\/04\/20210304_182836-scaled.jpg?fit=1200%2C675&resize=350%2C200","width":350,"height":200,"srcset":"https:\/\/i0.wp.com\/roskildebmx.dk\/wp-content\/uploads\/2021\/04\/20210304_182836-scaled.jpg?fit=1200%2C675&resize=350%2C200 1x, https:\/\/i0.wp.com\/roskildebmx.dk\/wp-content\/uploads\/2021\/04\/20210304_182836-scaled.jpg?fit=1200%2C675&resize=525%2C300 1.5x, https:\/\/i0.wp.com\/roskildebmx.dk\/wp-content\/uploads\/2021\/04\/20210304_182836-scaled.jpg?fit=1200%2C675&resize=700%2C400 2x, https:\/\/i0.wp.com\/roskildebmx.dk\/wp-content\/uploads\/2021\/04\/20210304_182836-scaled.jpg?fit=1200%2C675&resize=1050%2C600 3x"},"classes":[]},{"id":56,"url":"http:\/\/roskildebmx.dk\/?page_id=56","url_meta":{"origin":26,"position":4},"title":"Events","author":"rosbmx","date":"23\/02\/2016","format":false,"excerpt":"\u00d8nsker du at leje Roskilde BMX\u2019s bane til afholdelse af et arrangement, kan du g\u00f8re det til f\u00f8lgende priser: B\u00f8rne- og unge arrangementer (op til 18 \u00e5r), som f.eks. klasse arrangement, b\u00f8rnef\u00f8dselsdag osv.: Pris 2000,- for maksimalt 16 personer, med mindre andet aftales med Roskilde BMX. Instrukt\u00f8r stilles til r\u00e5dighed.\u2026","rel":"","context":"In &quot;Nyheder&quot;","block_context":{"text":"Nyheder","link":"http:\/\/roskildebmx.dk\/?cat=6"},"img":{"alt_text":"","src":"https:\/\/i0.wp.com\/roskildebmx.dk\/wp-content\/uploads\/2016\/02\/events1.jpg?fit=960%2C720&resize=350%2C200","width":350,"height":200,"srcset":"https:\/\/i0.wp.com\/roskildebmx.dk\/wp-content\/uploads\/2016\/02\/events1.jpg?fit=960%2C720&resize=350%2C200 1x, https:\/\/i0.wp.com\/roskildebmx.dk\/wp-content\/uploads\/2016\/02\/events1.jpg?fit=960%2C720&resize=525%2C300 1.5x, https:\/\/i0.wp.com\/roskildebmx.dk\/wp-content\/uploads\/2016\/02\/events1.jpg?fit=960%2C720&resize=700%2C400 2x"},"classes":[]},{"id":28,"url":"http:\/\/roskildebmx.dk\/?page_id=28","url_meta":{"origin":26,"position":5},"title":"Handelsbetingelser","author":"rosbmx","date":"22\/02\/2016","format":false,"excerpt":"Handelsbetingelser Forretningsbetingelser for Roskilde Bmx klub\u00b4s website www.roskildebmx.dk Generelle oplysninger om klubben: Klubbens juridiske navn: Roskilde Bmx klub Selskabsform: Forening CVR-nummer: 32497748 Postadresse: Roskilde Bmx klub Kasserer Gitte Nielsen Darupvang 50A 4000 Roskilde Officiel e-mail adresse: kasserer@roskildebmx.dk Officiel web-adresse: www.roskildebmx.dk PRISER Alle priserne p\u00e5 www.roskildebmx.dk er ikke tillagt moms, da\u2026","rel":"","context":"Similar post","block_context":{"text":"Similar post","link":""},"img":{"alt_text":"","src":"","width":0,"height":0},"classes":[]}],"_links":{"self":[{"href":"http:\/\/roskildebmx.dk\/index.php?rest_route=\/wp\/v2\/pages\/26","targetHints":{"allow":["GET"]}}],"collection":[{"href":"http:\/\/roskildebmx.dk\/index.php?rest_route=\/wp\/v2\/pages"}],"about":[{"href":"http:\/\/roskildebmx.dk\/index.php?rest_route=\/wp\/v2\/types\/page"}],"author":[{"embeddable":true,"href":"http:\/\/roskildebmx.dk\/index.php?rest_route=\/wp\/v2\/users\/1"}],"replies":[{"embeddable":true,"href":"http:\/\/roskildebmx.dk\/index.php?rest_route=%2Fwp%2Fv2%2Fcomments&post=26"}],"version-history":[{"count":44,"href":"http:\/\/roskildebmx.dk\/index.php?rest_route=\/wp\/v2\/pages\/26\/revisions"}],"predecessor-version":[{"id":803,"href":"http:\/\/roskildebmx.dk\/index.php?rest_route=\/wp\/v2\/pages\/26\/revisions\/803"}],"wp:featuredmedia":[{"embeddable":true,"href":"http:\/\/roskildebmx.dk\/index.php?rest_route=\/wp\/v2\/media\/17"}],"wp:attachment":[{"href":"http:\/\/roskildebmx.dk\/index.php?rest_route=%2Fwp%2Fv2%2Fmedia&parent=26"}],"curies":[{"name":"wp","href":"https:\/\/api.w.org\/{rel}","templated":true}]}}