{"id":43,"date":"2016-02-22T22:03:06","date_gmt":"2016-02-22T22:03:06","guid":{"rendered":"http:\/\/roskildebmx.dk\/?page_id=43"},"modified":"2025-03-12T17:50:48","modified_gmt":"2025-03-12T16:50:48","slug":"traenere","status":"publish","type":"page","link":"http:\/\/roskildebmx.dk\/?page_id=43","title":{"rendered":"Tr\u00e6nere"},"content":{"rendered":"\n<figure class=\"wp-block-table is-style-regular\"><table><tbody><tr><td><strong><em>Tr\u00e6ner<\/em><\/strong><\/td><td><strong><em>Hvem er: <\/em><\/strong><\/td><td><\/td><\/tr><tr><td><strong><em>Hold 1<\/em><\/strong><\/td><td><\/td><td><\/td><\/tr><tr><td><strong>Jesper Hess-Nielsen<\/strong><\/td><td>Jesper er far til Mathias der k\u00f8rer p\u00e5 Hold 1<\/td><td>Billede kommer senere<\/td><\/tr><tr><td><strong>Jeppe Johansen<\/strong><\/td><td>Jeppe er far til Oliver der k\u00f8rer p\u00e5 Hold 2, og er selv aktiv k\u00f8rer<\/td><td>Billede kommer senere <\/td><\/tr><tr><td><em><strong>Hold 2<\/strong><\/em><\/td><td><\/td><td><\/td><\/tr><tr><td><strong>Rasmus Cederberg<\/strong><\/td><td>Rasmus er far til Viktor der k\u00f8rer p\u00e5 Hold 2 <\/td><td>Billede kommer senere <\/td><\/tr><tr><td><strong>Mikael Green<\/strong><\/td><td>Mikael er far til Tobias der k\u00f8rer p\u00e5 Hold 2, samt Oliver der k\u00f8rer p\u00e5 Development, og er selv aktiv k\u00f8rer<\/td><td>Billede kommer senere <\/td><\/tr><tr><td><em><strong>Hold 3<\/strong><\/em><\/td><td><\/td><td><\/td><\/tr><tr><td><strong>Jesper Simonsen<\/strong><\/td><td>Jesper er  tr\u00e6ner for Hold 3 og development hold<\/td><td><\/td><\/tr><tr><td><strong>Nikolaj Garner<\/strong><\/td><td>Nikolaj er far til William der k\u00f8rer p\u00e5 Development<\/td><td><\/td><\/tr><tr><td><strong><em>Kom og Pr\u00f8v<\/em><\/strong><\/td><td><\/td><td><\/td><\/tr><tr><td><strong>Mikael Green<\/strong><\/td><td>Se ovenfor<\/td><td>Billede kommer senere  <\/td><\/tr><tr><td><strong><em>Freestyle<\/em><\/strong><\/td><td><\/td><td><\/td><\/tr><tr><td><strong>Mikkel Jakobsen<\/strong><\/td><td>Mikkel er aktiv k\u00f8rer i klubben <\/td><td>Billede kommer senere  <\/td><\/tr><tr><td>Hj\u00e6lpetr\u00e6nere<\/td><td><\/td><td><\/td><\/tr><tr><td><strong>Tobias Green<\/strong><\/td><td>Tobias er aktiv k\u00f8rer p\u00e5 Hold 2<\/td><td><\/td><\/tr><\/tbody><\/table><\/figure>\n\n\n\n<p><\/p>\n\n\n\n<p> Ved akutte ting, tag fat i din tr\u00e6ner direkte eller kontakt: info@roskildebmx.dk <\/p>\n\n\n\n<p><\/p>\n\n\n\n<p><\/p>\n","protected":false},"excerpt":{"rendered":"<p>Tr\u00e6ner Hvem er: Hold 1 Jesper Hess-Nielsen Jesper er far til Mathias der k\u00f8rer p\u00e5 Hold 1 Billede kommer senere Jeppe Johansen Jeppe er far til Oliver der k\u00f8rer p\u00e5 Hold 2, og er selv aktiv k\u00f8rer Billede kommer senere Hold 2 Rasmus Cederberg Rasmus er far til Viktor der k\u00f8rer p\u00e5 Hold 2 Billede [&hellip;]<\/p>\n","protected":false},"author":1,"featured_media":0,"parent":41,"menu_order":2,"comment_status":"closed","ping_status":"closed","template":"page-full-width.php","meta":{"jetpack_post_was_ever_published":false,"footnotes":""},"class_list":["post-43","page","type-page","status-publish","hentry"],"jetpack_sharing_enabled":true,"jetpack_shortlink":"https:\/\/wp.me\/P7gy79-H","jetpack-related-posts":[{"id":41,"url":"http:\/\/roskildebmx.dk\/?page_id=41","url_meta":{"origin":43,"position":0},"title":"Bestyrelsen","author":"rosbmx","date":"22\/02\/2016","format":false,"excerpt":"Formand: Peter Sylvest SvendsenE-mail: sponsor@roskildebmx.dkPeter er far til Aksel der k\u00f8rer p\u00e5 Hold 3\u00a0N\u00e6stformand: Lizette Peetz H\u00f8ghE-mail: Lizette@roskildebmx.dkLizette er mor til Felix der k\u00f8rer p\u00e5 DevelopmentBestyrelsesmedlem: Martin Gardezi AggergaardE-mail: info@roskildebmx.dkMartin er far til Asger der k\u00f8rer p\u00e5 Development\u00a0 Bestyrelsesmedlem: Philip Christian LundsgaardE-mail:\u00a0pcl@roskildebmx.dkPhilip er far til Simon der k\u00f8rer p\u00e5 DevelopmentKasserer:\u2026","rel":"","context":"Similar post","block_context":{"text":"Similar post","link":""},"img":{"alt_text":"","src":"","width":0,"height":0},"classes":[]},{"id":475,"url":"http:\/\/roskildebmx.dk\/?page_id=475","url_meta":{"origin":43,"position":1},"title":"Ny i sporten","author":"Mikael Green","date":"26\/09\/2019","format":false,"excerpt":"Er du ny i BMX sporten eller overvejer at starte til BMX, s\u00e5 l\u00e6s mere her. BMX er en individuel ekstremsport, hvor teknik udg\u00f8r en stor del af at kunne k\u00f8re p\u00e5 den rigtige m\u00e5de. Derfor er teknik en stor del af vores tr\u00e6ning, hvor vi blandt andet tr\u00e6ner i\u2026","rel":"","context":"Similar post","block_context":{"text":"Similar post","link":""},"img":{"alt_text":"","src":"https:\/\/i0.wp.com\/roskildebmx.dk\/wp-content\/uploads\/2017\/10\/SNAB4845.jpg?fit=1200%2C1033&resize=350%2C200","width":350,"height":200,"srcset":"https:\/\/i0.wp.com\/roskildebmx.dk\/wp-content\/uploads\/2017\/10\/SNAB4845.jpg?fit=1200%2C1033&resize=350%2C200 1x, https:\/\/i0.wp.com\/roskildebmx.dk\/wp-content\/uploads\/2017\/10\/SNAB4845.jpg?fit=1200%2C1033&resize=525%2C300 1.5x, https:\/\/i0.wp.com\/roskildebmx.dk\/wp-content\/uploads\/2017\/10\/SNAB4845.jpg?fit=1200%2C1033&resize=700%2C400 2x, https:\/\/i0.wp.com\/roskildebmx.dk\/wp-content\/uploads\/2017\/10\/SNAB4845.jpg?fit=1200%2C1033&resize=1050%2C600 3x"},"classes":[]},{"id":51,"url":"http:\/\/roskildebmx.dk\/?page_id=51","url_meta":{"origin":43,"position":2},"title":"Om BMX","author":"rosbmx","date":"22\/02\/2016","format":false,"excerpt":"BMX-cyklen bruges til flere discipliner: Freestyle, en stil-disciplin som k\u00f8res p\u00e5 kraftigt byggede cykler p\u00e5 ramper og andre kunstige forhindringer, og racing, som er en sprinterdisciplin med lettere cykler p\u00e5 en bane med forhindringer. BMX st\u00e5r for Bicycle Moto Cross, og BMX racing er\u00a0 i Danmark organiseret under Danmarks Cykle\u2026","rel":"","context":"Similar post","block_context":{"text":"Similar post","link":""},"img":{"alt_text":"","src":"https:\/\/i0.wp.com\/roskildebmx.dk\/wp-content\/uploads\/2016\/02\/slide5.jpg?fit=1200%2C797&resize=350%2C200","width":350,"height":200,"srcset":"https:\/\/i0.wp.com\/roskildebmx.dk\/wp-content\/uploads\/2016\/02\/slide5.jpg?fit=1200%2C797&resize=350%2C200 1x, https:\/\/i0.wp.com\/roskildebmx.dk\/wp-content\/uploads\/2016\/02\/slide5.jpg?fit=1200%2C797&resize=525%2C300 1.5x, https:\/\/i0.wp.com\/roskildebmx.dk\/wp-content\/uploads\/2016\/02\/slide5.jpg?fit=1200%2C797&resize=700%2C400 2x, https:\/\/i0.wp.com\/roskildebmx.dk\/wp-content\/uploads\/2016\/02\/slide5.jpg?fit=1200%2C797&resize=1050%2C600 3x"},"classes":[]},{"id":28,"url":"http:\/\/roskildebmx.dk\/?page_id=28","url_meta":{"origin":43,"position":3},"title":"Handelsbetingelser","author":"rosbmx","date":"22\/02\/2016","format":false,"excerpt":"Handelsbetingelser Forretningsbetingelser for Roskilde Bmx klub\u00b4s website www.roskildebmx.dk Generelle oplysninger om klubben: Klubbens juridiske navn: Roskilde Bmx klub Selskabsform: Forening CVR-nummer: 32497748 Postadresse: Roskilde Bmx klub Kasserer Gitte Nielsen Darupvang 50A 4000 Roskilde Officiel e-mail adresse: kasserer@roskildebmx.dk Officiel web-adresse: www.roskildebmx.dk PRISER Alle priserne p\u00e5 www.roskildebmx.dk er ikke tillagt moms, da\u2026","rel":"","context":"Similar post","block_context":{"text":"Similar post","link":""},"img":{"alt_text":"","src":"","width":0,"height":0},"classes":[]},{"id":49,"url":"http:\/\/roskildebmx.dk\/?page_id=49","url_meta":{"origin":43,"position":4},"title":"ATK","author":"rosbmx","date":"22\/02\/2016","format":false,"excerpt":"\u00a0 Aldersrelateret tr\u00e6ning\u00a0(ATK) F\u00f8lgende dokument beskriver hvorledes aldersrelateret tr\u00e6ning (ATK) er implementeret i tr\u00e6ningen hos Roskilde BMX Klub. Udgangspunkter er ATK\u2019en som er udviklet af Christian Munk Poulsen, BMX Landstr\u00e6neren under DMU. ATK bruges som kriterie for at indplaceres den enkelte ud\u00f8ver p\u00e5 de hold som Roskilde BMX klub tilbyder,\u2026","rel":"","context":"Similar post","block_context":{"text":"Similar post","link":""},"img":{"alt_text":"","src":"https:\/\/i0.wp.com\/roskildebmx.dk\/wp-content\/uploads\/2016\/02\/pubperiode.jpg?resize=350%2C200","width":350,"height":200,"srcset":"https:\/\/i0.wp.com\/roskildebmx.dk\/wp-content\/uploads\/2016\/02\/pubperiode.jpg?resize=350%2C200 1x, https:\/\/i0.wp.com\/roskildebmx.dk\/wp-content\/uploads\/2016\/02\/pubperiode.jpg?resize=525%2C300 1.5x"},"classes":[]},{"id":26,"url":"http:\/\/roskildebmx.dk\/?page_id=26","url_meta":{"origin":43,"position":5},"title":"Medlemsskab","author":"rosbmx","date":"22\/02\/2016","format":false,"excerpt":"Vi optager p.t kun medlemmer p\u00e5 Kom og pr\u00f8v samt vores hold 1. ALLE medlemmer af Roskilde BMX klub skal have en licens hos DCU \u2013 ogs\u00e5 selvom man ikke skal k\u00f8re l\u00f8b. Kontingentet udg\u00f8r samlet 1820,- for perioden 1\/4-2024 til 31\/3-2025 (inkl 20,- gebyr til sportstiming) N\u00e5r du modtager\u2026","rel":"","context":"In &quot;Nyheder&quot;","block_context":{"text":"Nyheder","link":"http:\/\/roskildebmx.dk\/?cat=6"},"img":{"alt_text":"","src":"https:\/\/i0.wp.com\/roskildebmx.dk\/wp-content\/uploads\/2016\/02\/slide4.jpg?fit=1200%2C800&resize=350%2C200","width":350,"height":200,"srcset":"https:\/\/i0.wp.com\/roskildebmx.dk\/wp-content\/uploads\/2016\/02\/slide4.jpg?fit=1200%2C800&resize=350%2C200 1x, https:\/\/i0.wp.com\/roskildebmx.dk\/wp-content\/uploads\/2016\/02\/slide4.jpg?fit=1200%2C800&resize=525%2C300 1.5x, https:\/\/i0.wp.com\/roskildebmx.dk\/wp-content\/uploads\/2016\/02\/slide4.jpg?fit=1200%2C800&resize=700%2C400 2x, https:\/\/i0.wp.com\/roskildebmx.dk\/wp-content\/uploads\/2016\/02\/slide4.jpg?fit=1200%2C800&resize=1050%2C600 3x"},"classes":[]}],"_links":{"self":[{"href":"http:\/\/roskildebmx.dk\/index.php?rest_route=\/wp\/v2\/pages\/43","targetHints":{"allow":["GET"]}}],"collection":[{"href":"http:\/\/roskildebmx.dk\/index.php?rest_route=\/wp\/v2\/pages"}],"about":[{"href":"http:\/\/roskildebmx.dk\/index.php?rest_route=\/wp\/v2\/types\/page"}],"author":[{"embeddable":true,"href":"http:\/\/roskildebmx.dk\/index.php?rest_route=\/wp\/v2\/users\/1"}],"replies":[{"embeddable":true,"href":"http:\/\/roskildebmx.dk\/index.php?rest_route=%2Fwp%2Fv2%2Fcomments&post=43"}],"version-history":[{"count":37,"href":"http:\/\/roskildebmx.dk\/index.php?rest_route=\/wp\/v2\/pages\/43\/revisions"}],"predecessor-version":[{"id":834,"href":"http:\/\/roskildebmx.dk\/index.php?rest_route=\/wp\/v2\/pages\/43\/revisions\/834"}],"up":[{"embeddable":true,"href":"http:\/\/roskildebmx.dk\/index.php?rest_route=\/wp\/v2\/pages\/41"}],"wp:attachment":[{"href":"http:\/\/roskildebmx.dk\/index.php?rest_route=%2Fwp%2Fv2%2Fmedia&parent=43"}],"curies":[{"name":"wp","href":"https:\/\/api.w.org\/{rel}","templated":true}]}}