{"id":45,"date":"2016-02-22T22:04:43","date_gmt":"2016-02-22T22:04:43","guid":{"rendered":"http:\/\/roskildebmx.dk\/?page_id=45"},"modified":"2020-02-03T21:24:27","modified_gmt":"2020-02-03T20:24:27","slug":"vedtaegter","status":"publish","type":"page","link":"http:\/\/roskildebmx.dk\/?page_id=45","title":{"rendered":"Vedt\u00e6gter"},"content":{"rendered":"<p>Opdateret 17.Juni 2017<\/p>\n<p>Klubbens opdaterede vedt\u00e6gter kan hentes som PDF fil her <a href=\"http:\/\/roskildebmx.dk\/wp-content\/uploads\/2020\/02\/Vedt\u00e6gter-Roskilde-BMX-2019-version.pdf\"><strong><em>Vedt\u00e6gter Roskilde BMX 2019<\/em><\/strong><\/a><\/p>\n","protected":false},"excerpt":{"rendered":"<p>Opdateret 17.Juni 2017 Klubbens opdaterede vedt\u00e6gter kan hentes som PDF fil her Vedt\u00e6gter Roskilde BMX 2019<\/p>\n","protected":false},"author":1,"featured_media":17,"parent":41,"menu_order":3,"comment_status":"closed","ping_status":"closed","template":"page-full-width.php","meta":{"jetpack_post_was_ever_published":false,"footnotes":""},"class_list":["post-45","page","type-page","status-publish","has-post-thumbnail","hentry"],"jetpack_sharing_enabled":true,"jetpack_shortlink":"https:\/\/wp.me\/P7gy79-J","jetpack-related-posts":[{"id":28,"url":"http:\/\/roskildebmx.dk\/?page_id=28","url_meta":{"origin":45,"position":0},"title":"Handelsbetingelser","author":"rosbmx","date":"22\/02\/2016","format":false,"excerpt":"Handelsbetingelser Forretningsbetingelser for Roskilde Bmx klub\u00b4s website www.roskildebmx.dk Generelle oplysninger om klubben: Klubbens juridiske navn: Roskilde Bmx klub Selskabsform: Forening CVR-nummer: 32497748 Postadresse: Roskilde Bmx klub Kasserer Gitte Nielsen Darupvang 50A 4000 Roskilde Officiel e-mail adresse: kasserer@roskildebmx.dk Officiel web-adresse: www.roskildebmx.dk PRISER Alle priserne p\u00e5 www.roskildebmx.dk er ikke tillagt moms, da\u2026","rel":"","context":"Similar post","block_context":{"text":"Similar post","link":""},"img":{"alt_text":"","src":"","width":0,"height":0},"classes":[]},{"id":475,"url":"http:\/\/roskildebmx.dk\/?page_id=475","url_meta":{"origin":45,"position":1},"title":"Ny i sporten","author":"Mikael Green","date":"26\/09\/2019","format":false,"excerpt":"Er du ny i BMX sporten eller overvejer at starte til BMX, s\u00e5 l\u00e6s mere her. BMX er en individuel ekstremsport, hvor teknik udg\u00f8r en stor del af at kunne k\u00f8re p\u00e5 den rigtige m\u00e5de. Derfor er teknik en stor del af vores tr\u00e6ning, hvor vi blandt andet tr\u00e6ner i\u2026","rel":"","context":"Similar post","block_context":{"text":"Similar post","link":""},"img":{"alt_text":"","src":"https:\/\/i0.wp.com\/roskildebmx.dk\/wp-content\/uploads\/2017\/10\/SNAB4845.jpg?fit=1200%2C1033&resize=350%2C200","width":350,"height":200,"srcset":"https:\/\/i0.wp.com\/roskildebmx.dk\/wp-content\/uploads\/2017\/10\/SNAB4845.jpg?fit=1200%2C1033&resize=350%2C200 1x, https:\/\/i0.wp.com\/roskildebmx.dk\/wp-content\/uploads\/2017\/10\/SNAB4845.jpg?fit=1200%2C1033&resize=525%2C300 1.5x, https:\/\/i0.wp.com\/roskildebmx.dk\/wp-content\/uploads\/2017\/10\/SNAB4845.jpg?fit=1200%2C1033&resize=700%2C400 2x, https:\/\/i0.wp.com\/roskildebmx.dk\/wp-content\/uploads\/2017\/10\/SNAB4845.jpg?fit=1200%2C1033&resize=1050%2C600 3x"},"classes":[]},{"id":420,"url":"http:\/\/roskildebmx.dk\/?page_id=420","url_meta":{"origin":45,"position":2},"title":"Hvem er vi","author":"Mikael Green","date":"08\/05\/2019","format":false,"excerpt":"VELKOMMEN TIL ROSKILDE BMX KLUB: BMX-cyklen kan bruges til flere discipliner: Freestyle, en stil-disciplin som k\u00f8res p\u00e5 kraftigt byggede cykler p\u00e5 ramper og andre kunstige forhindringer. Racing, som er en sprinterdisciplin med lettere cykler p\u00e5 en bane med forhindringer. BMX st\u00e5r for Bicycle Moto Cross, og BMX racing er i\u2026","rel":"","context":"Similar post","block_context":{"text":"Similar post","link":""},"img":{"alt_text":"","src":"https:\/\/i0.wp.com\/roskildebmx.dk\/wp-content\/uploads\/2017\/10\/SNAB4845.jpg?fit=1200%2C1033&resize=350%2C200","width":350,"height":200,"srcset":"https:\/\/i0.wp.com\/roskildebmx.dk\/wp-content\/uploads\/2017\/10\/SNAB4845.jpg?fit=1200%2C1033&resize=350%2C200 1x, https:\/\/i0.wp.com\/roskildebmx.dk\/wp-content\/uploads\/2017\/10\/SNAB4845.jpg?fit=1200%2C1033&resize=525%2C300 1.5x, https:\/\/i0.wp.com\/roskildebmx.dk\/wp-content\/uploads\/2017\/10\/SNAB4845.jpg?fit=1200%2C1033&resize=700%2C400 2x, https:\/\/i0.wp.com\/roskildebmx.dk\/wp-content\/uploads\/2017\/10\/SNAB4845.jpg?fit=1200%2C1033&resize=1050%2C600 3x"},"classes":[]},{"id":56,"url":"http:\/\/roskildebmx.dk\/?page_id=56","url_meta":{"origin":45,"position":3},"title":"Events","author":"rosbmx","date":"23\/02\/2016","format":false,"excerpt":"\u00d8nsker du at leje Roskilde BMX\u2019s bane til afholdelse af et arrangement, kan du g\u00f8re det til f\u00f8lgende priser: B\u00f8rne- og unge arrangementer (op til 18 \u00e5r), som f.eks. klasse arrangement, b\u00f8rnef\u00f8dselsdag osv.: Pris 2000,- for maksimalt 16 personer, med mindre andet aftales med Roskilde BMX. Instrukt\u00f8r stilles til r\u00e5dighed.\u2026","rel":"","context":"In &quot;Nyheder&quot;","block_context":{"text":"Nyheder","link":"http:\/\/roskildebmx.dk\/?cat=6"},"img":{"alt_text":"","src":"https:\/\/i0.wp.com\/roskildebmx.dk\/wp-content\/uploads\/2016\/02\/events1.jpg?fit=960%2C720&resize=350%2C200","width":350,"height":200,"srcset":"https:\/\/i0.wp.com\/roskildebmx.dk\/wp-content\/uploads\/2016\/02\/events1.jpg?fit=960%2C720&resize=350%2C200 1x, https:\/\/i0.wp.com\/roskildebmx.dk\/wp-content\/uploads\/2016\/02\/events1.jpg?fit=960%2C720&resize=525%2C300 1.5x, https:\/\/i0.wp.com\/roskildebmx.dk\/wp-content\/uploads\/2016\/02\/events1.jpg?fit=960%2C720&resize=700%2C400 2x"},"classes":[]},{"id":387,"url":"http:\/\/roskildebmx.dk\/?page_id=387","url_meta":{"origin":45,"position":4},"title":"Kom og Pr\u00f8v","author":"Mikael Green","date":"12\/03\/2019","format":false,"excerpt":"\u201dKom og Pr\u00f8v\u201d i Roskilde BMX: Vores \u201dKom og pr\u00f8v\u201d koncept forl\u00f8ber over tre gange, hvor man igennem forl\u00f8bet f\u00e5r et stiftet bekendtskab med BMX-sporten, og bliver gjort tryg med at starte i Roskilde BMX. I forbindelse med \u201dKom og pr\u00f8v\u201d, f\u00e5r man stillet cykel og sikkerhedsudstyr til r\u00e5dighed \u2013\u2026","rel":"","context":"In &quot;Nyheder&quot;","block_context":{"text":"Nyheder","link":"http:\/\/roskildebmx.dk\/?cat=6"},"img":{"alt_text":"","src":"https:\/\/i0.wp.com\/roskildebmx.dk\/wp-content\/uploads\/2021\/04\/20210304_182836-scaled.jpg?fit=1200%2C675&resize=350%2C200","width":350,"height":200,"srcset":"https:\/\/i0.wp.com\/roskildebmx.dk\/wp-content\/uploads\/2021\/04\/20210304_182836-scaled.jpg?fit=1200%2C675&resize=350%2C200 1x, https:\/\/i0.wp.com\/roskildebmx.dk\/wp-content\/uploads\/2021\/04\/20210304_182836-scaled.jpg?fit=1200%2C675&resize=525%2C300 1.5x, https:\/\/i0.wp.com\/roskildebmx.dk\/wp-content\/uploads\/2021\/04\/20210304_182836-scaled.jpg?fit=1200%2C675&resize=700%2C400 2x, https:\/\/i0.wp.com\/roskildebmx.dk\/wp-content\/uploads\/2021\/04\/20210304_182836-scaled.jpg?fit=1200%2C675&resize=1050%2C600 3x"},"classes":[]},{"id":51,"url":"http:\/\/roskildebmx.dk\/?page_id=51","url_meta":{"origin":45,"position":5},"title":"Om BMX","author":"rosbmx","date":"22\/02\/2016","format":false,"excerpt":"BMX-cyklen bruges til flere discipliner: Freestyle, en stil-disciplin som k\u00f8res p\u00e5 kraftigt byggede cykler p\u00e5 ramper og andre kunstige forhindringer, og racing, som er en sprinterdisciplin med lettere cykler p\u00e5 en bane med forhindringer. BMX st\u00e5r for Bicycle Moto Cross, og BMX racing er\u00a0 i Danmark organiseret under Danmarks Cykle\u2026","rel":"","context":"Similar post","block_context":{"text":"Similar post","link":""},"img":{"alt_text":"","src":"https:\/\/i0.wp.com\/roskildebmx.dk\/wp-content\/uploads\/2016\/02\/slide5.jpg?fit=1200%2C797&resize=350%2C200","width":350,"height":200,"srcset":"https:\/\/i0.wp.com\/roskildebmx.dk\/wp-content\/uploads\/2016\/02\/slide5.jpg?fit=1200%2C797&resize=350%2C200 1x, https:\/\/i0.wp.com\/roskildebmx.dk\/wp-content\/uploads\/2016\/02\/slide5.jpg?fit=1200%2C797&resize=525%2C300 1.5x, https:\/\/i0.wp.com\/roskildebmx.dk\/wp-content\/uploads\/2016\/02\/slide5.jpg?fit=1200%2C797&resize=700%2C400 2x, https:\/\/i0.wp.com\/roskildebmx.dk\/wp-content\/uploads\/2016\/02\/slide5.jpg?fit=1200%2C797&resize=1050%2C600 3x"},"classes":[]}],"_links":{"self":[{"href":"http:\/\/roskildebmx.dk\/index.php?rest_route=\/wp\/v2\/pages\/45","targetHints":{"allow":["GET"]}}],"collection":[{"href":"http:\/\/roskildebmx.dk\/index.php?rest_route=\/wp\/v2\/pages"}],"about":[{"href":"http:\/\/roskildebmx.dk\/index.php?rest_route=\/wp\/v2\/types\/page"}],"author":[{"embeddable":true,"href":"http:\/\/roskildebmx.dk\/index.php?rest_route=\/wp\/v2\/users\/1"}],"replies":[{"embeddable":true,"href":"http:\/\/roskildebmx.dk\/index.php?rest_route=%2Fwp%2Fv2%2Fcomments&post=45"}],"version-history":[{"count":4,"href":"http:\/\/roskildebmx.dk\/index.php?rest_route=\/wp\/v2\/pages\/45\/revisions"}],"predecessor-version":[{"id":508,"href":"http:\/\/roskildebmx.dk\/index.php?rest_route=\/wp\/v2\/pages\/45\/revisions\/508"}],"up":[{"embeddable":true,"href":"http:\/\/roskildebmx.dk\/index.php?rest_route=\/wp\/v2\/pages\/41"}],"wp:featuredmedia":[{"embeddable":true,"href":"http:\/\/roskildebmx.dk\/index.php?rest_route=\/wp\/v2\/media\/17"}],"wp:attachment":[{"href":"http:\/\/roskildebmx.dk\/index.php?rest_route=%2Fwp%2Fv2%2Fmedia&parent=45"}],"curies":[{"name":"wp","href":"https:\/\/api.w.org\/{rel}","templated":true}]}}