{"id":47,"date":"2016-02-22T22:24:25","date_gmt":"2016-02-22T22:24:25","guid":{"rendered":"http:\/\/roskildebmx.dk\/?page_id=47"},"modified":"2016-02-23T11:00:05","modified_gmt":"2016-02-23T11:00:05","slug":"billeder","status":"publish","type":"page","link":"http:\/\/roskildebmx.dk\/?page_id=47","title":{"rendered":"Billeder"},"content":{"rendered":"<p>[srizonfbalbum id=2]<\/p>\n","protected":false},"excerpt":{"rendered":"<p>[srizonfbalbum id=2]<\/p>\n","protected":false},"author":1,"featured_media":11,"parent":41,"menu_order":2,"comment_status":"closed","ping_status":"closed","template":"","meta":{"footnotes":""},"class_list":["post-47","page","type-page","status-publish","has-post-thumbnail","hentry"],"jetpack_sharing_enabled":true,"jetpack_shortlink":"https:\/\/wp.me\/P7gy79-L","jetpack-related-posts":[{"id":43,"url":"http:\/\/roskildebmx.dk\/?page_id=43","url_meta":{"origin":47,"position":0},"title":"Tr\u00e6nere","author":"rosbmx","date":"22\/02\/2016","format":false,"excerpt":"Tr\u00e6nerHvem er: Hold 1Jesper Hess-NielsenJesper er far til Mathias der k\u00f8rer p\u00e5 Hold 1Billede kommer senereJeppe JohansenJeppe er far til Oliver der k\u00f8rer p\u00e5 Hold 2, og er selv aktiv k\u00f8rerBillede kommer senere Hold 2Rasmus CederbergRasmus er far til Viktor der k\u00f8rer p\u00e5 Hold 2 Billede kommer senere Mikael GreenMikael\u2026","rel":"","context":"Similar post","block_context":{"text":"Similar post","link":""},"img":{"alt_text":"","src":"","width":0,"height":0},"classes":[]},{"id":39,"url":"http:\/\/roskildebmx.dk\/?page_id=39","url_meta":{"origin":47,"position":1},"title":"Tr\u00e6ning","author":"rosbmx","date":"22\/02\/2016","format":false,"excerpt":"Generel information om tr\u00e6ning og tr\u00e6ningstider i Roskilde BMX Tr\u00e6ning p\u00e5 helligdage vil blive oplyst p\u00e5 Facebook gruppen \"Session- Roskilde BMX\".V\u00e6rdis\u00e6t og regler for Roskilde BMX Klub Tr\u00e6ningstider (Sommer\/Efter\u00e5r 2023) Mandag17.30 - 19.00 - Hold 3 Tirsdag17.00 - 18.15 - Hold 117.00 - 18.00 - Kom og Pr\u00f8v (Separat tilmelding\u2026","rel":"","context":"Similar post","block_context":{"text":"Similar post","link":""},"img":{"alt_text":"","src":"https:\/\/i0.wp.com\/roskildebmx.dk\/wp-content\/uploads\/2022\/06\/IMG_5324-scaled.jpg?fit=1200%2C800&resize=350%2C200","width":350,"height":200,"srcset":"https:\/\/i0.wp.com\/roskildebmx.dk\/wp-content\/uploads\/2022\/06\/IMG_5324-scaled.jpg?fit=1200%2C800&resize=350%2C200 1x, https:\/\/i0.wp.com\/roskildebmx.dk\/wp-content\/uploads\/2022\/06\/IMG_5324-scaled.jpg?fit=1200%2C800&resize=525%2C300 1.5x, https:\/\/i0.wp.com\/roskildebmx.dk\/wp-content\/uploads\/2022\/06\/IMG_5324-scaled.jpg?fit=1200%2C800&resize=700%2C400 2x, https:\/\/i0.wp.com\/roskildebmx.dk\/wp-content\/uploads\/2022\/06\/IMG_5324-scaled.jpg?fit=1200%2C800&resize=1050%2C600 3x"},"classes":[]},{"id":420,"url":"http:\/\/roskildebmx.dk\/?page_id=420","url_meta":{"origin":47,"position":2},"title":"Hvem er vi","author":"Mikael Green","date":"08\/05\/2019","format":false,"excerpt":"VELKOMMEN TIL ROSKILDE BMX KLUB: BMX-cyklen kan bruges til flere discipliner: Freestyle, en stil-disciplin som k\u00f8res p\u00e5 kraftigt byggede cykler p\u00e5 ramper og andre kunstige forhindringer. Racing, som er en sprinterdisciplin med lettere cykler p\u00e5 en bane med forhindringer. BMX st\u00e5r for Bicycle Moto Cross, og BMX racing er i\u2026","rel":"","context":"Similar post","block_context":{"text":"Similar post","link":""},"img":{"alt_text":"","src":"https:\/\/i0.wp.com\/roskildebmx.dk\/wp-content\/uploads\/2017\/10\/SNAB4845.jpg?fit=1200%2C1033&resize=350%2C200","width":350,"height":200,"srcset":"https:\/\/i0.wp.com\/roskildebmx.dk\/wp-content\/uploads\/2017\/10\/SNAB4845.jpg?fit=1200%2C1033&resize=350%2C200 1x, https:\/\/i0.wp.com\/roskildebmx.dk\/wp-content\/uploads\/2017\/10\/SNAB4845.jpg?fit=1200%2C1033&resize=525%2C300 1.5x, https:\/\/i0.wp.com\/roskildebmx.dk\/wp-content\/uploads\/2017\/10\/SNAB4845.jpg?fit=1200%2C1033&resize=700%2C400 2x, https:\/\/i0.wp.com\/roskildebmx.dk\/wp-content\/uploads\/2017\/10\/SNAB4845.jpg?fit=1200%2C1033&resize=1050%2C600 3x"},"classes":[]},{"id":32,"url":"http:\/\/roskildebmx.dk\/?page_id=32","url_meta":{"origin":47,"position":3},"title":"Banerne","author":"rosbmx","date":"22\/02\/2016","format":false,"excerpt":"Vi har 2 baner Der vil komme mere info her","rel":"","context":"Similar post","block_context":{"text":"Similar post","link":""},"img":{"alt_text":"","src":"https:\/\/i0.wp.com\/roskildebmx.dk\/wp-content\/uploads\/2021\/04\/21-04-18-21-32-20-1808_small-scaled.jpg?fit=1200%2C585&resize=350%2C200","width":350,"height":200,"srcset":"https:\/\/i0.wp.com\/roskildebmx.dk\/wp-content\/uploads\/2021\/04\/21-04-18-21-32-20-1808_small-scaled.jpg?fit=1200%2C585&resize=350%2C200 1x, https:\/\/i0.wp.com\/roskildebmx.dk\/wp-content\/uploads\/2021\/04\/21-04-18-21-32-20-1808_small-scaled.jpg?fit=1200%2C585&resize=525%2C300 1.5x, https:\/\/i0.wp.com\/roskildebmx.dk\/wp-content\/uploads\/2021\/04\/21-04-18-21-32-20-1808_small-scaled.jpg?fit=1200%2C585&resize=700%2C400 2x, https:\/\/i0.wp.com\/roskildebmx.dk\/wp-content\/uploads\/2021\/04\/21-04-18-21-32-20-1808_small-scaled.jpg?fit=1200%2C585&resize=1050%2C600 3x"},"classes":[]},{"id":41,"url":"http:\/\/roskildebmx.dk\/?page_id=41","url_meta":{"origin":47,"position":4},"title":"Bestyrelsen","author":"rosbmx","date":"22\/02\/2016","format":false,"excerpt":"Formand: Peter Sylvest SvendsenE-mail: sponsor@roskildebmx.dkPeter er far til Aksel der k\u00f8rer p\u00e5 Hold 3\u00a0N\u00e6stformand: Lizette Peetz H\u00f8ghE-mail: Lizette@roskildebmx.dkLizette er mor til Felix der k\u00f8rer p\u00e5 DevelopmentBestyrelsesmedlem: Martin Gardezi AggergaardE-mail: info@roskildebmx.dkMartin er far til Asger der k\u00f8rer p\u00e5 Development\u00a0 Bestyrelsesmedlem: Philip Christian LundsgaardE-mail:\u00a0pcl@roskildebmx.dkPhilip er far til Simon der k\u00f8rer p\u00e5 DevelopmentKasserer:\u2026","rel":"","context":"Similar post","block_context":{"text":"Similar post","link":""},"img":{"alt_text":"","src":"","width":0,"height":0},"classes":[]},{"id":26,"url":"http:\/\/roskildebmx.dk\/?page_id=26","url_meta":{"origin":47,"position":5},"title":"Medlemsskab","author":"rosbmx","date":"22\/02\/2016","format":false,"excerpt":"Vi optager p.t kun medlemmer p\u00e5 Kom og pr\u00f8v samt vores hold 1. ALLE medlemmer af Roskilde BMX klub skal have en licens hos DCU \u2013 ogs\u00e5 selvom man ikke skal k\u00f8re l\u00f8b. Kontingentet udg\u00f8r samlet 1820,- for perioden 1\/4-2024 til 31\/3-2025 (inkl 20,- gebyr til sportstiming) N\u00e5r du modtager\u2026","rel":"","context":"In &quot;Nyheder&quot;","block_context":{"text":"Nyheder","link":"http:\/\/roskildebmx.dk\/?cat=6"},"img":{"alt_text":"","src":"https:\/\/i0.wp.com\/roskildebmx.dk\/wp-content\/uploads\/2016\/02\/slide4.jpg?fit=1200%2C800&resize=350%2C200","width":350,"height":200,"srcset":"https:\/\/i0.wp.com\/roskildebmx.dk\/wp-content\/uploads\/2016\/02\/slide4.jpg?fit=1200%2C800&resize=350%2C200 1x, https:\/\/i0.wp.com\/roskildebmx.dk\/wp-content\/uploads\/2016\/02\/slide4.jpg?fit=1200%2C800&resize=525%2C300 1.5x, https:\/\/i0.wp.com\/roskildebmx.dk\/wp-content\/uploads\/2016\/02\/slide4.jpg?fit=1200%2C800&resize=700%2C400 2x, https:\/\/i0.wp.com\/roskildebmx.dk\/wp-content\/uploads\/2016\/02\/slide4.jpg?fit=1200%2C800&resize=1050%2C600 3x"},"classes":[]}],"_links":{"self":[{"href":"http:\/\/roskildebmx.dk\/index.php?rest_route=\/wp\/v2\/pages\/47","targetHints":{"allow":["GET"]}}],"collection":[{"href":"http:\/\/roskildebmx.dk\/index.php?rest_route=\/wp\/v2\/pages"}],"about":[{"href":"http:\/\/roskildebmx.dk\/index.php?rest_route=\/wp\/v2\/types\/page"}],"author":[{"embeddable":true,"href":"http:\/\/roskildebmx.dk\/index.php?rest_route=\/wp\/v2\/users\/1"}],"replies":[{"embeddable":true,"href":"http:\/\/roskildebmx.dk\/index.php?rest_route=%2Fwp%2Fv2%2Fcomments&post=47"}],"version-history":[{"count":5,"href":"http:\/\/roskildebmx.dk\/index.php?rest_route=\/wp\/v2\/pages\/47\/revisions"}],"predecessor-version":[{"id":277,"href":"http:\/\/roskildebmx.dk\/index.php?rest_route=\/wp\/v2\/pages\/47\/revisions\/277"}],"up":[{"embeddable":true,"href":"http:\/\/roskildebmx.dk\/index.php?rest_route=\/wp\/v2\/pages\/41"}],"wp:featuredmedia":[{"embeddable":true,"href":"http:\/\/roskildebmx.dk\/index.php?rest_route=\/wp\/v2\/media\/11"}],"wp:attachment":[{"href":"http:\/\/roskildebmx.dk\/index.php?rest_route=%2Fwp%2Fv2%2Fmedia&parent=47"}],"curies":[{"name":"wp","href":"https:\/\/api.w.org\/{rel}","templated":true}]}}