{"id":475,"date":"2019-09-26T08:01:17","date_gmt":"2019-09-26T07:01:17","guid":{"rendered":"http:\/\/roskildebmx.dk\/?page_id=475"},"modified":"2023-10-04T13:47:55","modified_gmt":"2023-10-04T12:47:55","slug":"ny-i-sporten","status":"publish","type":"page","link":"http:\/\/roskildebmx.dk\/?page_id=475","title":{"rendered":"Ny i sporten"},"content":{"rendered":"\n<p>Er du ny i BMX sporten eller overvejer at starte til BMX, s\u00e5 l\u00e6s mere her. <\/p>\n\n\n\n<p>BMX er en individuel ekstremsport, hvor teknik udg\u00f8r en stor del af at kunne k\u00f8re p\u00e5 den rigtige m\u00e5de. Derfor er teknik en stor del af vores tr\u00e6ning, hvor vi blandt andet tr\u00e6ner i at hoppe, lave manual (k\u00f8re p\u00e5 baghjul). Samt tr\u00e6ne i at kunne forcere banen hurtigst muligt mens der er op til 7 andre k\u00f8rere p\u00e5 banen samtidig. <\/p>\n\n\n\n<p>BMX er en fed sport hvor vi i Roskilde BMX g\u00f8r en stor dyd i at der er et godt sammenhold i klubben, ogs\u00e5 p\u00e5 tv\u00e6rs af vores forskellige hold. Desuden \u00f8nsker vi ogs\u00e5 at der er en god stemning hos for\u00e6ldrene, og vi opfordrer aktivt for\u00e6ldre til at hj\u00e6lpe i klubben. Roskilde BMX er drevet af frivillige kr\u00e6fter, og uden en arbejdsindsats fra for\u00e6ldrer og k\u00f8rere ville vi ikke kunne drive vores fine bane, eller f\u00e5 lavet endnu bedre faciliteter. <\/p>\n\n\n\n<h2 class=\"wp-block-heading\">Hvad kr\u00e6ver det at kunne starte til BMX ? <\/h2>\n\n\n\n<p>Det kr\u00e6ver ikke andet end lysten til at k\u00f8re p\u00e5 cykel, p\u00e5 en markant anderledes m\u00e5de. Man kan som helt lille starte p\u00e5 en strider (l\u00f8becykel), og derfra avancere. Hvis man allerede kan k\u00f8re p\u00e5 cykel uden st\u00f8ttehjul, er man klar til at k\u00f8re BMX. Vi har k\u00f8rere der starter p\u00e5 strider i 2-3 \u00e5rs alderen, men mange starter i 5-6 \u00e5rs alderen eller senere. <\/p>\n\n\n\n<p>Man st\u00e5r op p\u00e5 cyklen hele vejen rundt, s\u00e5 hvis en ny k\u00f8rer mangler lidt balance hj\u00e6lper vi til med at tr\u00e6ne den del.<\/p>\n\n\n\n<p>Vi tr\u00e6ner ogs\u00e5 i at kunne starte p\u00e5 gaten i lidt over 3 meters h\u00f8jde, og s\u00f8rger for at alle f\u00f8ler sig trygge. <\/p>\n\n\n\n<p>Man starter altid p\u00e5 vores kom og pr\u00f8v hold, som er et struktureret introduktionsforl\u00f8b til BMX sporten. Herefter rykker man til Hold 1 som er for alle unge og nye k\u00f8rere. Herefter bestemmer tr\u00e6nerne hvem der skal rykke videre til de n\u00e6ste hold. <\/p>\n\n\n\n<p>Kom og pr\u00f8v hold k\u00f8rer 8-10 gange om \u00e5ret, fra april til oktober er det p\u00e5 vores udend\u00f8rs bane i Darup. <\/p>\n\n\n\n<h2 class=\"wp-block-heading\">Udstyr ?<\/h2>\n\n\n\n<p>Roskilde BMX har lejeudstyr, det vil sige cykel, hjelm, albue og kn\u00e6beskytter. <\/p>\n\n\n\n<p>Efter opstart i klubben kan der lejes udstyr for et mindre bel\u00f8b, vi opfordrer til at man hurtigst muligt f\u00e5r k\u00f8bt personligt udstyr.  <\/p>\n\n\n\n<p>Freestyle cykler kan heller ikke bruges p\u00e5 banen, fordi de typisk er lavet at st\u00e5r og vejer 4-5kg mere end en race bmx cykel. <\/p>\n\n\n\n<p>Derudover skal man have lange bukser og lange \u00e6rmer p\u00e5, uanset vejret. <\/p>\n\n\n\n<h2 class=\"wp-block-heading\">Hvad koster det ?<\/h2>\n\n\n\n<p>At starte til BMX koster typisk omkring 3-4000,- n\u00e5r man regner k\u00f8b af cykel, udstyr og kontingent. <\/p>\n\n\n\n<p>Vores kontingent kan ses p\u00e5 vores <a href=\"http:\/\/tilmelding.roskildebmx.dk\/\">tilmeldings side<\/a>. Udover kontingentet skal man have en  konkurrencelicens hos DCU som k\u00f8bes her. Begge dele er obligatorisk og klubkontingentet bliver fastsat p\u00e5 den \u00e5rlige generalforsamling og f\u00f8lger vores s\u00e6son  der l\u00f8ber fra 1.April til 31.Marts.<\/p>\n\n\n\n<p>Konkurrencelicens betyder man som ny k\u00f8rer m\u00e5 stille op i BMX l\u00f8b, sp\u00f8rg dog tr\u00e6nerne f\u00f8rst hvorn\u00e5r man er klar.<\/p>\n\n\n\n<p>Hvis man vil k\u00f8be en race BMX cykel, s\u00e5 sp\u00f8rg tr\u00e6nerne f\u00f8rst. Det er vigtigt at cyklen er den rette st\u00f8rrelse og type. En BMX som vi k\u00f8rer p\u00e5, k\u00f8bes efter h\u00f8jden p\u00e5 k\u00f8reren, og ikke alder. Vi har <a href=\"http:\/\/roskildebmx.dk\/?page_id=483\">st\u00f8rrelses guides her<\/a> <\/p>\n\n\n\n<p>En brugt cykel kan k\u00f8bes fra omkring 1000,- og opefter. Man blandt s\u00f8ge p\u00e5 Facebook gruppen <a href=\"https:\/\/www.facebook.com\/groups\/277347255694850\/?ref=bookmarks\">&#8220;BMXFORUM k\u00f8b\/salg race BMX&#8221;<\/a> hvor der ogs\u00e5 er sikkerhedsudstyr og t\u00f8j. Der er ogs\u00e5 et stativ i vores klubhus, hvor klubbens medlemmer s\u00e6lger lettere brugt udstyr.<\/p>\n\n\n\n<p> Ellers kan vi formidle kontakt til vores lokale forhandlere.  <\/p>\n\n\n\n<h2 class=\"wp-block-heading\">Jeg har flere sp\u00f8rgsm\u00e5l ?<\/h2>\n\n\n\n<p>Skriv til email: nyi@roskildebmx.dk hvor vores tr\u00e6nere vil svare p\u00e5 jeres sp\u00f8rgsm\u00e5l \ud83d\ude42<\/p>\n","protected":false},"excerpt":{"rendered":"<p>Er du ny i BMX sporten eller overvejer at starte til BMX, s\u00e5 l\u00e6s mere her. BMX er en individuel ekstremsport, hvor teknik udg\u00f8r en stor del af at kunne k\u00f8re p\u00e5 den rigtige m\u00e5de. Derfor er teknik en stor del af vores tr\u00e6ning, hvor vi blandt andet tr\u00e6ner i at hoppe, lave manual (k\u00f8re [&hellip;]<\/p>\n","protected":false},"author":2,"featured_media":316,"parent":0,"menu_order":0,"comment_status":"closed","ping_status":"closed","template":"","meta":{"jetpack_post_was_ever_published":false,"footnotes":""},"class_list":["post-475","page","type-page","status-publish","has-post-thumbnail","hentry"],"jetpack_sharing_enabled":true,"jetpack_shortlink":"https:\/\/wp.me\/P7gy79-7F","jetpack-related-posts":[{"id":51,"url":"http:\/\/roskildebmx.dk\/?page_id=51","url_meta":{"origin":475,"position":0},"title":"Om BMX","author":"rosbmx","date":"22\/02\/2016","format":false,"excerpt":"BMX-cyklen bruges til flere discipliner: Freestyle, en stil-disciplin som k\u00f8res p\u00e5 kraftigt byggede cykler p\u00e5 ramper og andre kunstige forhindringer, og racing, som er en sprinterdisciplin med lettere cykler p\u00e5 en bane med forhindringer. BMX st\u00e5r for Bicycle Moto Cross, og BMX racing er\u00a0 i Danmark organiseret under Danmarks Cykle\u2026","rel":"","context":"Similar post","block_context":{"text":"Similar post","link":""},"img":{"alt_text":"","src":"https:\/\/i0.wp.com\/roskildebmx.dk\/wp-content\/uploads\/2016\/02\/slide5.jpg?fit=1200%2C797&resize=350%2C200","width":350,"height":200,"srcset":"https:\/\/i0.wp.com\/roskildebmx.dk\/wp-content\/uploads\/2016\/02\/slide5.jpg?fit=1200%2C797&resize=350%2C200 1x, https:\/\/i0.wp.com\/roskildebmx.dk\/wp-content\/uploads\/2016\/02\/slide5.jpg?fit=1200%2C797&resize=525%2C300 1.5x, https:\/\/i0.wp.com\/roskildebmx.dk\/wp-content\/uploads\/2016\/02\/slide5.jpg?fit=1200%2C797&resize=700%2C400 2x, https:\/\/i0.wp.com\/roskildebmx.dk\/wp-content\/uploads\/2016\/02\/slide5.jpg?fit=1200%2C797&resize=1050%2C600 3x"},"classes":[]},{"id":387,"url":"http:\/\/roskildebmx.dk\/?page_id=387","url_meta":{"origin":475,"position":1},"title":"Kom og Pr\u00f8v","author":"Mikael Green","date":"12\/03\/2019","format":false,"excerpt":"\u201dKom og Pr\u00f8v\u201d i Roskilde BMX: Vores \u201dKom og pr\u00f8v\u201d koncept forl\u00f8ber over tre gange, hvor man igennem forl\u00f8bet f\u00e5r et stiftet bekendtskab med BMX-sporten, og bliver gjort tryg med at starte i Roskilde BMX. I forbindelse med \u201dKom og pr\u00f8v\u201d, f\u00e5r man stillet cykel og sikkerhedsudstyr til r\u00e5dighed \u2013\u2026","rel":"","context":"In &quot;Nyheder&quot;","block_context":{"text":"Nyheder","link":"http:\/\/roskildebmx.dk\/?cat=6"},"img":{"alt_text":"","src":"https:\/\/i0.wp.com\/roskildebmx.dk\/wp-content\/uploads\/2021\/04\/20210304_182836-scaled.jpg?fit=1200%2C675&resize=350%2C200","width":350,"height":200,"srcset":"https:\/\/i0.wp.com\/roskildebmx.dk\/wp-content\/uploads\/2021\/04\/20210304_182836-scaled.jpg?fit=1200%2C675&resize=350%2C200 1x, https:\/\/i0.wp.com\/roskildebmx.dk\/wp-content\/uploads\/2021\/04\/20210304_182836-scaled.jpg?fit=1200%2C675&resize=525%2C300 1.5x, https:\/\/i0.wp.com\/roskildebmx.dk\/wp-content\/uploads\/2021\/04\/20210304_182836-scaled.jpg?fit=1200%2C675&resize=700%2C400 2x, https:\/\/i0.wp.com\/roskildebmx.dk\/wp-content\/uploads\/2021\/04\/20210304_182836-scaled.jpg?fit=1200%2C675&resize=1050%2C600 3x"},"classes":[]},{"id":26,"url":"http:\/\/roskildebmx.dk\/?page_id=26","url_meta":{"origin":475,"position":2},"title":"Medlemsskab","author":"rosbmx","date":"22\/02\/2016","format":false,"excerpt":"Vi optager p.t kun medlemmer p\u00e5 Kom og pr\u00f8v samt vores hold 1. ALLE medlemmer af Roskilde BMX klub skal have en licens hos DCU \u2013 ogs\u00e5 selvom man ikke skal k\u00f8re l\u00f8b. Kontingentet udg\u00f8r samlet 1820,- for perioden 1\/4-2024 til 31\/3-2025 (inkl 20,- gebyr til sportstiming) N\u00e5r du modtager\u2026","rel":"","context":"In &quot;Nyheder&quot;","block_context":{"text":"Nyheder","link":"http:\/\/roskildebmx.dk\/?cat=6"},"img":{"alt_text":"","src":"https:\/\/i0.wp.com\/roskildebmx.dk\/wp-content\/uploads\/2016\/02\/slide4.jpg?fit=1200%2C800&resize=350%2C200","width":350,"height":200,"srcset":"https:\/\/i0.wp.com\/roskildebmx.dk\/wp-content\/uploads\/2016\/02\/slide4.jpg?fit=1200%2C800&resize=350%2C200 1x, https:\/\/i0.wp.com\/roskildebmx.dk\/wp-content\/uploads\/2016\/02\/slide4.jpg?fit=1200%2C800&resize=525%2C300 1.5x, https:\/\/i0.wp.com\/roskildebmx.dk\/wp-content\/uploads\/2016\/02\/slide4.jpg?fit=1200%2C800&resize=700%2C400 2x, https:\/\/i0.wp.com\/roskildebmx.dk\/wp-content\/uploads\/2016\/02\/slide4.jpg?fit=1200%2C800&resize=1050%2C600 3x"},"classes":[]},{"id":28,"url":"http:\/\/roskildebmx.dk\/?page_id=28","url_meta":{"origin":475,"position":3},"title":"Handelsbetingelser","author":"rosbmx","date":"22\/02\/2016","format":false,"excerpt":"Handelsbetingelser Forretningsbetingelser for Roskilde Bmx klub\u00b4s website www.roskildebmx.dk Generelle oplysninger om klubben: Klubbens juridiske navn: Roskilde Bmx klub Selskabsform: Forening CVR-nummer: 32497748 Postadresse: Roskilde Bmx klub Kasserer Gitte Nielsen Darupvang 50A 4000 Roskilde Officiel e-mail adresse: kasserer@roskildebmx.dk Officiel web-adresse: www.roskildebmx.dk PRISER Alle priserne p\u00e5 www.roskildebmx.dk er ikke tillagt moms, da\u2026","rel":"","context":"Similar post","block_context":{"text":"Similar post","link":""},"img":{"alt_text":"","src":"","width":0,"height":0},"classes":[]},{"id":41,"url":"http:\/\/roskildebmx.dk\/?page_id=41","url_meta":{"origin":475,"position":4},"title":"Bestyrelsen","author":"rosbmx","date":"22\/02\/2016","format":false,"excerpt":"Formand: Peter Sylvest SvendsenE-mail: sponsor@roskildebmx.dkPeter er far til Aksel der k\u00f8rer p\u00e5 Hold 3\u00a0N\u00e6stformand: Lizette Peetz H\u00f8ghE-mail: Lizette@roskildebmx.dkLizette er mor til Felix der k\u00f8rer p\u00e5 DevelopmentBestyrelsesmedlem: Martin Gardezi AggergaardE-mail: info@roskildebmx.dkMartin er far til Asger der k\u00f8rer p\u00e5 Development\u00a0 Bestyrelsesmedlem: Philip Christian LundsgaardE-mail:\u00a0pcl@roskildebmx.dkPhilip er far til Simon der k\u00f8rer p\u00e5 DevelopmentKasserer:\u2026","rel":"","context":"Similar post","block_context":{"text":"Similar post","link":""},"img":{"alt_text":"","src":"","width":0,"height":0},"classes":[]},{"id":49,"url":"http:\/\/roskildebmx.dk\/?page_id=49","url_meta":{"origin":475,"position":5},"title":"ATK","author":"rosbmx","date":"22\/02\/2016","format":false,"excerpt":"\u00a0 Aldersrelateret tr\u00e6ning\u00a0(ATK) F\u00f8lgende dokument beskriver hvorledes aldersrelateret tr\u00e6ning (ATK) er implementeret i tr\u00e6ningen hos Roskilde BMX Klub. Udgangspunkter er ATK\u2019en som er udviklet af Christian Munk Poulsen, BMX Landstr\u00e6neren under DMU. ATK bruges som kriterie for at indplaceres den enkelte ud\u00f8ver p\u00e5 de hold som Roskilde BMX klub tilbyder,\u2026","rel":"","context":"Similar post","block_context":{"text":"Similar post","link":""},"img":{"alt_text":"","src":"https:\/\/i0.wp.com\/roskildebmx.dk\/wp-content\/uploads\/2016\/02\/pubperiode.jpg?resize=350%2C200","width":350,"height":200,"srcset":"https:\/\/i0.wp.com\/roskildebmx.dk\/wp-content\/uploads\/2016\/02\/pubperiode.jpg?resize=350%2C200 1x, https:\/\/i0.wp.com\/roskildebmx.dk\/wp-content\/uploads\/2016\/02\/pubperiode.jpg?resize=525%2C300 1.5x"},"classes":[]}],"_links":{"self":[{"href":"http:\/\/roskildebmx.dk\/index.php?rest_route=\/wp\/v2\/pages\/475","targetHints":{"allow":["GET"]}}],"collection":[{"href":"http:\/\/roskildebmx.dk\/index.php?rest_route=\/wp\/v2\/pages"}],"about":[{"href":"http:\/\/roskildebmx.dk\/index.php?rest_route=\/wp\/v2\/types\/page"}],"author":[{"embeddable":true,"href":"http:\/\/roskildebmx.dk\/index.php?rest_route=\/wp\/v2\/users\/2"}],"replies":[{"embeddable":true,"href":"http:\/\/roskildebmx.dk\/index.php?rest_route=%2Fwp%2Fv2%2Fcomments&post=475"}],"version-history":[{"count":12,"href":"http:\/\/roskildebmx.dk\/index.php?rest_route=\/wp\/v2\/pages\/475\/revisions"}],"predecessor-version":[{"id":782,"href":"http:\/\/roskildebmx.dk\/index.php?rest_route=\/wp\/v2\/pages\/475\/revisions\/782"}],"wp:featuredmedia":[{"embeddable":true,"href":"http:\/\/roskildebmx.dk\/index.php?rest_route=\/wp\/v2\/media\/316"}],"wp:attachment":[{"href":"http:\/\/roskildebmx.dk\/index.php?rest_route=%2Fwp%2Fv2%2Fmedia&parent=475"}],"curies":[{"name":"wp","href":"https:\/\/api.w.org\/{rel}","templated":true}]}}