{"id":483,"date":"2019-09-26T08:55:30","date_gmt":"2019-09-26T07:55:30","guid":{"rendered":"http:\/\/roskildebmx.dk\/?page_id=483"},"modified":"2019-09-26T09:05:30","modified_gmt":"2019-09-26T08:05:30","slug":"storrelses-guides","status":"publish","type":"page","link":"http:\/\/roskildebmx.dk\/?page_id=483","title":{"rendered":"St\u00f8rrelses guides"},"content":{"rendered":"\n<h3 class=\"wp-block-heading\">Stelst\u00f8rrelse<\/h3>\n\n\n\n<table class=\"wp-block-table has-fixed-layout is-style-regular\"><tbody><tr><td>K\u00f8rerh\u00f8jde<\/td><td>Stelnavn<\/td><td>Topr\u00f8r<\/td><td>Styrh\u00f8jde<\/td><td>Styrbredde<\/td><\/tr><tr><td>op til 1,20 m<\/td><td>Micro-Mini<\/td><td>380-390 mm<\/td><td>50 &#8211; 60 mm<\/td><td>500-550 mm<\/td><\/tr><tr><td>1,20-1,40 m<\/td><td>Mini<\/td><td>390-410 mm<\/td><td>50-80 mm<\/td><td>525-585 mm<\/td><\/tr><tr><td>1,30-1,45 m<\/td><td>Junior<\/td><td>400-440 mm<\/td><td>75-115 mm<\/td><td>550-625 mm<\/td><\/tr><tr><td>1,45-1,60 m<\/td><td>Expert<\/td><td>430-470 mm<\/td><td>115-150 mm<\/td><td>600-650 mm<\/td><\/tr><tr><td>1,55-1,65 m<\/td><td>Expert XL<\/td><td>460-490 mm<\/td><td>150-190 mm<\/td><td>650-685 mm<\/td><\/tr><tr><td>1,60-1,75 m<\/td><td>Pro<\/td><td>475-500 mm<\/td><td>175-200 mm<\/td><td>675-710 mm<\/td><\/tr><tr><td>1,75-1,85 m<\/td><td>Pro XL<\/td><td>490-535 mm<\/td><td>175-200 mm<\/td><td>675-710 mm<\/td><\/tr><tr><td>over 1,85 m<\/td><td>Pro XXL<\/td><td>over 520 mm<\/td><td>175-200 mm<\/td><td>700-740 mm<\/td><\/tr><\/tbody><\/table>\n\n\n\n<h3 class=\"wp-block-heading\">Pedalarmsl\u00e6ngde<\/h3>\n\n\n\n<table class=\"wp-block-table is-style-regular\"><tbody><tr><td>Skridtl\u00e6ngde<\/td><td>Pedalarm<\/td><\/tr><tr><td>500 mm<\/td><td>140 mm<\/td><\/tr><tr><td>525 mm<\/td><td>145 mm<\/td><\/tr><tr><td>550 mm<\/td><td>150 mm<\/td><\/tr><tr><td>575 mm<\/td><td>155 mm<\/td><\/tr><tr><td>600 mm<\/td><td>160 mm<\/td><\/tr><tr><td>650 mm<\/td><td>165 mm<\/td><\/tr><tr><td>700 mm<\/td><td>170 mm<\/td><\/tr><tr><td>750 mm<\/td><td>175 mm<\/td><\/tr><tr><td>800 mm<\/td><td>180 mm<\/td><\/tr><tr><td>850 mm<\/td><td>185 mm<\/td><\/tr><\/tbody><\/table>\n\n\n\n<h3 class=\"wp-block-heading\">20\u00d71-1\/8 f\u00e6lge med 1-1\/8 d\u00e6k<\/h3>\n\n\n\n<p>Tallene i geartabellerne er distancen som cyklen k\u00f8rer ved en omgang med pedalerne.<\/p>\n\n\n\n<table class=\"wp-block-table is-style-regular\"><tbody><tr><td>For\/Bag<\/td><td>14<\/td><td>15<\/td><td>16<\/td><td>17<\/td><td>18<\/td><\/tr><tr><td>34<\/td><td>3.87<\/td><td>3.62<\/td><td>3.39<\/td><td>3.19<\/td><td>3.01<\/td><\/tr><tr><td>35<\/td><td>3.99<\/td><td>3.72<\/td><td>3.49<\/td><td>3.28<\/td><td>3.1<\/td><\/tr><tr><td>36<\/td><td>4.1<\/td><td>3.83<\/td><td>3.59<\/td><td>3.38<\/td><td>3.19<\/td><\/tr><tr><td>37<\/td><td>4.22<\/td><td>3.93<\/td><td>3.69<\/td><td>3.47<\/td><td>3.28<\/td><\/tr><tr><td>38<\/td><td>4.33<\/td><td>4.04<\/td><td>3.79<\/td><td>3.57<\/td><td>3.37<\/td><\/tr><tr><td>39<\/td><td>4.44<\/td><td>4.15<\/td><td>3.89<\/td><td>3.66<\/td><td>3.46<\/td><\/tr><tr><td>40<\/td><td>4.56<\/td><td>4.25<\/td><td>3.99<\/td><td>3.75<\/td><td>3.54<\/td><\/tr><tr><td>41<\/td><td>4.67<\/td><td>4.36<\/td><td>4.09<\/td><td>3.85<\/td><td>3.63<\/td><\/tr><tr><td>42<\/td><td>4.79<\/td><td>4.47<\/td><td>4.19<\/td><td>3.94<\/td><td>3.72<\/td><\/tr><tr><td>43<\/td><td>4.9<\/td><td>4.57<\/td><td>4.29<\/td><td>4.013<\/td><td>3.81<\/td><\/tr><tr><td>44<\/td><td>5.01<\/td><td>4.68<\/td><td>4.39<\/td><td>4.13<\/td><td>3.9<\/td><\/tr><tr><td>45<\/td><td>5.13<\/td><td>4.79<\/td><td>4.49<\/td><td>4.22<\/td><td>3.99<\/td><\/tr><tr><td>46<\/td><td>5.24<\/td><td>4.89<\/td><td>4.59<\/td><td>4.32<\/td><td>4.08<\/td><\/tr><tr><td>47<\/td><td>5.36<\/td><td>5<\/td><td>4.69<\/td><td>4.41<\/td><td>4.17<\/td><\/tr><tr><td>48<\/td><td>5.47<\/td><td>5.1<\/td><td>4.79<\/td><td>4.5<\/td><td>4.25<\/td><\/tr><\/tbody><\/table>\n\n\n\n<h3 class=\"wp-block-heading\">20\u00d71-3\/8 f\u00e6lge med 1-3\/8 d\u00e6k<\/h3>\n\n\n\n<table class=\"wp-block-table is-style-regular\"><tbody><tr><td>For\/Bag<\/td><td>14<\/td><td>15<\/td><td>16<\/td><td>17<\/td><td>18<\/td><\/tr><tr><td>34<\/td><td>3.97<\/td><td>3.71<\/td><td>3.47<\/td><td>3.27<\/td><td>3.09<\/td><\/tr><tr><td>35<\/td><td>4.09<\/td><td>3.81<\/td><td>3.58<\/td><td>3.37<\/td><td>3.18<\/td><\/tr><tr><td>36<\/td><td>4.2<\/td><td>3.92<\/td><td>3.68<\/td><td>3.46<\/td><td>3.27<\/td><\/tr><tr><td>37<\/td><td>4.32<\/td><td>4.03<\/td><td>3.78<\/td><td>3.56<\/td><td>3.36<\/td><\/tr><tr><td>38<\/td><td>4.44<\/td><td>4.14<\/td><td>3.88<\/td><td>3.65<\/td><td>3.45<\/td><\/tr><tr><td>39<\/td><td>4.55<\/td><td>4.25<\/td><td>3.99<\/td><td>3.75<\/td><td>3.54<\/td><\/tr><tr><td>40<\/td><td>4.67<\/td><td>4.36<\/td><td>4.09<\/td><td>3.85<\/td><td>3.63<\/td><\/tr><tr><td>41<\/td><td>4.79<\/td><td>4.47<\/td><td>4.19<\/td><td>3.94<\/td><td>3.72<\/td><\/tr><tr><td>42<\/td><td>4.9<\/td><td>4.58<\/td><td>4.29<\/td><td>4.04<\/td><td>3.81<\/td><\/tr><tr><td>43<\/td><td>5.02<\/td><td>4.69<\/td><td>4.39<\/td><td>4.41<\/td><td>3.91<\/td><\/tr><tr><td>44<\/td><td>5.14<\/td><td>4.8<\/td><td>4.5<\/td><td>4.23<\/td><td>4<\/td><\/tr><tr><td>45<\/td><td>5.26<\/td><td>4.9<\/td><td>4.6<\/td><td>4.33<\/td><td>4.09<\/td><\/tr><tr><td>46<\/td><td>5.37<\/td><td>5.01<\/td><td>4.7<\/td><td>4.42<\/td><td>4.18<\/td><\/tr><tr><td>47<\/td><td>5.49<\/td><td>5.12<\/td><td>4.8<\/td><td>4.52<\/td><td>4.27<\/td><\/tr><tr><td>48<\/td><td>5.61<\/td><td>5.23<\/td><td>4.9<\/td><td>4.62<\/td><td>4.36<\/td><\/tr><\/tbody><\/table>\n\n\n\n<h3 class=\"wp-block-heading\">20\u00d71,50 f\u00e6lge med 1,50 d\u00e6k<\/h3>\n\n\n\n<table class=\"wp-block-table is-style-regular\"><tbody><tr><td>For\/Bag<\/td><td>14<\/td><td>15<\/td><td>16<\/td><td>17<\/td><td>18<\/td><\/tr><tr><td>34<\/td><td>3.73<\/td><td>3.48<\/td><td>3.26<\/td><td>3.07<\/td><td>2.9<\/td><\/tr><tr><td>35<\/td><td>3.84<\/td><td>3.58<\/td><td>3.36<\/td><td>3.16<\/td><td>2.99<\/td><\/tr><tr><td>36<\/td><td>3.95<\/td><td>3.68<\/td><td>3.45<\/td><td>3.25<\/td><td>3.07<\/td><\/tr><tr><td>37<\/td><td>4.06<\/td><td>3.79<\/td><td>3.55<\/td><td>3.34<\/td><td>3.16<\/td><\/tr><tr><td>38<\/td><td>4.17<\/td><td>3.89<\/td><td>3.65<\/td><td>3.43<\/td><td>3.24<\/td><\/tr><tr><td>39<\/td><td>4.28<\/td><td>3.99<\/td><td>3.74<\/td><td>3.52<\/td><td>3.33<\/td><\/tr><tr><td>40<\/td><td>4.39<\/td><td>4.09<\/td><td>3.84<\/td><td>3.61<\/td><td>3.41<\/td><\/tr><tr><td>41<\/td><td>4.5<\/td><td>4.2<\/td><td>3.93<\/td><td>3.7<\/td><td>3.5<\/td><\/tr><tr><td>42<\/td><td>4.61<\/td><td>4.3<\/td><td>4.03<\/td><td>3.79<\/td><td>3.58<\/td><\/tr><tr><td>43<\/td><td>4.72<\/td><td>4.4<\/td><td>4.13<\/td><td>3.88<\/td><td>3.67<\/td><\/tr><tr><td>44<\/td><td>4.83<\/td><td>4.5<\/td><td>4.22<\/td><td>3.97<\/td><td>3.75<\/td><\/tr><tr><td>45<\/td><td>4.93<\/td><td>4.61<\/td><td>4.32<\/td><td>4.06<\/td><td>3.84<\/td><\/tr><tr><td>46<\/td><td>5.04<\/td><td>4.71<\/td><td>4.41<\/td><td>4.15<\/td><td>3.92<\/td><\/tr><tr><td>47<\/td><td>5.15<\/td><td>4.81<\/td><td>4.51<\/td><td>4.24<\/td><td>4.01<\/td><\/tr><tr><td>48<\/td><td>5.26<\/td><td>4.91<\/td><td>4.61<\/td><td>4.33<\/td><td>4.09<\/td><\/tr><\/tbody><\/table>\n\n\n\n<h3 class=\"wp-block-heading\">20\u00d71,75 f\u00e6lge med 1,75 d\u00e6k<\/h3>\n\n\n\n<table class=\"wp-block-table is-style-regular\"><tbody><tr><td>For\/Bag<\/td><td>14<\/td><td>15<\/td><td>16<\/td><td>17<\/td><td>18<\/td><\/tr><tr><td>34<\/td><td>3.78<\/td><td>3.53<\/td><td>3.3<\/td><td>3.11<\/td><td>2.94<\/td><\/tr><tr><td>35<\/td><td>3.89<\/td><td>3.63<\/td><td>3.4<\/td><td>3.2<\/td><td>3.02<\/td><\/tr><tr><td>36<\/td><td>4<\/td><td>3.73<\/td><td>3.5<\/td><td>3.29<\/td><td>3.11<\/td><\/tr><tr><td>37<\/td><td>4.11<\/td><td>3.84<\/td><td>3.6<\/td><td>3.38<\/td><td>3.2<\/td><\/tr><tr><td>38<\/td><td>4.22<\/td><td>3.94<\/td><td>3.69<\/td><td>3.48<\/td><td>3.28<\/td><\/tr><tr><td>39<\/td><td>4.33<\/td><td>4.04<\/td><td>3.79<\/td><td>3.57<\/td><td>3.37<\/td><\/tr><tr><td>40<\/td><td>4.44<\/td><td>4.15<\/td><td>3.89<\/td><td>3.66<\/td><td>3.46<\/td><\/tr><tr><td>41<\/td><td>4.55<\/td><td>4.25<\/td><td>3.99<\/td><td>3.75<\/td><td>3.54<\/td><\/tr><tr><td>42<\/td><td>4.67<\/td><td>4.35<\/td><td>4.08<\/td><td>3.84<\/td><td>3.63<\/td><\/tr><tr><td>43<\/td><td>4.78<\/td><td>4.46<\/td><td>4.18<\/td><td>3.93<\/td><td>3.72<\/td><\/tr><tr><td>44<\/td><td>4.89<\/td><td>4.56<\/td><td>4.28<\/td><td>4.03<\/td><td>3.8<\/td><\/tr><tr><td>45<\/td><td>5<\/td><td>4.67<\/td><td>4.37<\/td><td>4.12<\/td><td>3.89<\/td><\/tr><tr><td>46<\/td><td>5.11<\/td><td>4.77<\/td><td>4.47<\/td><td>4.21<\/td><td>3.97<\/td><\/tr><tr><td>47<\/td><td>5.22<\/td><td>4.87<\/td><td>4.57<\/td><td>4.3<\/td><td>4.06<\/td><\/tr><tr><td>48<\/td><td>5.33<\/td><td>4.98<\/td><td>4.67<\/td><td>4.39<\/td><td>4.15<\/td><\/tr><\/tbody><\/table>\n\n\n\n<h3 class=\"wp-block-heading\">24\u00d71,75 f\u00e6lge med 1,75 d\u00e6k<\/h3>\n\n\n\n<table class=\"wp-block-table is-style-regular\"><tbody><tr><td>For\/Bag<\/td><td>15<\/td><td>16<\/td><td>17<\/td><td>18<\/td><\/tr><tr><td>39<\/td><td>4.86<\/td><td>4.55<\/td><td>4.29<\/td><td>4.05<\/td><\/tr><tr><td>40<\/td><td>4.98<\/td><td>4.67<\/td><td>4.4<\/td><td>4.15<\/td><\/tr><tr><td>41<\/td><td>5.11<\/td><td>4.79<\/td><td>4.51<\/td><td>4.25<\/td><\/tr><tr><td>42<\/td><td>5.23<\/td><td>4.9<\/td><td>4.62<\/td><td>4.36<\/td><\/tr><tr><td>43<\/td><td>5.35<\/td><td>5.02<\/td><td>4.72<\/td><td>4.46<\/td><\/tr><tr><td>44<\/td><td>5.48<\/td><td>5.14<\/td><td>4.83<\/td><td>4.57<\/td><\/tr><tr><td>45<\/td><td>5.6<\/td><td>5.25<\/td><td>4.94<\/td><td>4.67<\/td><\/tr><tr><td>46<\/td><td>5.73<\/td><td>5.37<\/td><td>5.05<\/td><td>4.77<\/td><\/tr><\/tbody><\/table>\n","protected":false},"excerpt":{"rendered":"<p>Stelst\u00f8rrelse K\u00f8rerh\u00f8jde Stelnavn Topr\u00f8r Styrh\u00f8jde Styrbredde op til 1,20 m Micro-Mini 380-390 mm 50 &#8211; 60 mm 500-550 mm 1,20-1,40 m Mini 390-410 mm 50-80 mm 525-585 mm 1,30-1,45 m Junior 400-440 mm 75-115 mm 550-625 mm 1,45-1,60 m Expert 430-470 mm 115-150 mm 600-650 mm 1,55-1,65 m Expert XL 460-490 mm 150-190 mm 650-685 [&hellip;]<\/p>\n","protected":false},"author":2,"featured_media":11,"parent":0,"menu_order":0,"comment_status":"closed","ping_status":"closed","template":"","meta":{"footnotes":""},"class_list":["post-483","page","type-page","status-publish","has-post-thumbnail","hentry"],"jetpack_sharing_enabled":true,"jetpack_shortlink":"https:\/\/wp.me\/P7gy79-7N","jetpack-related-posts":[{"id":387,"url":"http:\/\/roskildebmx.dk\/?page_id=387","url_meta":{"origin":483,"position":0},"title":"Kom og Pr\u00f8v","author":"Mikael Green","date":"12\/03\/2019","format":false,"excerpt":"\u201dKom og Pr\u00f8v\u201d i Roskilde BMX: Vores \u201dKom og pr\u00f8v\u201d koncept forl\u00f8ber over tre gange, hvor man igennem forl\u00f8bet f\u00e5r et stiftet bekendtskab med BMX-sporten, og bliver gjort tryg med at starte i Roskilde BMX. I forbindelse med \u201dKom og pr\u00f8v\u201d, f\u00e5r man stillet cykel og sikkerhedsudstyr til r\u00e5dighed \u2013\u2026","rel":"","context":"In &quot;Nyheder&quot;","block_context":{"text":"Nyheder","link":"http:\/\/roskildebmx.dk\/?cat=6"},"img":{"alt_text":"","src":"https:\/\/i0.wp.com\/roskildebmx.dk\/wp-content\/uploads\/2021\/04\/20210304_182836-scaled.jpg?fit=1200%2C675&resize=350%2C200","width":350,"height":200,"srcset":"https:\/\/i0.wp.com\/roskildebmx.dk\/wp-content\/uploads\/2021\/04\/20210304_182836-scaled.jpg?fit=1200%2C675&resize=350%2C200 1x, https:\/\/i0.wp.com\/roskildebmx.dk\/wp-content\/uploads\/2021\/04\/20210304_182836-scaled.jpg?fit=1200%2C675&resize=525%2C300 1.5x, https:\/\/i0.wp.com\/roskildebmx.dk\/wp-content\/uploads\/2021\/04\/20210304_182836-scaled.jpg?fit=1200%2C675&resize=700%2C400 2x, https:\/\/i0.wp.com\/roskildebmx.dk\/wp-content\/uploads\/2021\/04\/20210304_182836-scaled.jpg?fit=1200%2C675&resize=1050%2C600 3x"},"classes":[]}],"_links":{"self":[{"href":"http:\/\/roskildebmx.dk\/index.php?rest_route=\/wp\/v2\/pages\/483","targetHints":{"allow":["GET"]}}],"collection":[{"href":"http:\/\/roskildebmx.dk\/index.php?rest_route=\/wp\/v2\/pages"}],"about":[{"href":"http:\/\/roskildebmx.dk\/index.php?rest_route=\/wp\/v2\/types\/page"}],"author":[{"embeddable":true,"href":"http:\/\/roskildebmx.dk\/index.php?rest_route=\/wp\/v2\/users\/2"}],"replies":[{"embeddable":true,"href":"http:\/\/roskildebmx.dk\/index.php?rest_route=%2Fwp%2Fv2%2Fcomments&post=483"}],"version-history":[{"count":5,"href":"http:\/\/roskildebmx.dk\/index.php?rest_route=\/wp\/v2\/pages\/483\/revisions"}],"predecessor-version":[{"id":492,"href":"http:\/\/roskildebmx.dk\/index.php?rest_route=\/wp\/v2\/pages\/483\/revisions\/492"}],"wp:featuredmedia":[{"embeddable":true,"href":"http:\/\/roskildebmx.dk\/index.php?rest_route=\/wp\/v2\/media\/11"}],"wp:attachment":[{"href":"http:\/\/roskildebmx.dk\/index.php?rest_route=%2Fwp%2Fv2%2Fmedia&parent=483"}],"curies":[{"name":"wp","href":"https:\/\/api.w.org\/{rel}","templated":true}]}}