{"id":51,"date":"2016-02-22T22:30:06","date_gmt":"2016-02-22T22:30:06","guid":{"rendered":"http:\/\/roskildebmx.dk\/?page_id=51"},"modified":"2019-09-25T22:15:57","modified_gmt":"2019-09-25T21:15:57","slug":"om-bmx","status":"publish","type":"page","link":"http:\/\/roskildebmx.dk\/?page_id=51","title":{"rendered":"Om BMX"},"content":{"rendered":"<p>BMX-cyklen bruges til flere discipliner: <em>Freestyle<\/em>, en stil-disciplin som k\u00f8res p\u00e5 kraftigt byggede cykler p\u00e5 ramper og andre kunstige forhindringer, og <em>racing<\/em>, som er en sprinterdisciplin med lettere cykler p\u00e5 en bane med forhindringer. BMX st\u00e5r for <em>Bicycle Moto Cross<\/em>, og BMX racing er\u00a0 i Danmark organiseret under <a title=\"DMU\" href=\"http:\/\/ny.cyklingdanmark.dk\/\" target=\"_blank\" rel=\"noopener noreferrer\">Danmarks Cykle Union<br \/>\n<\/a><\/p>\n<p>Roskilde BMX Klub tilbyder BMX racing. Til og med 2009 p\u00e5 en tr\u00e6ningsbane i Vor Frue Idr\u00e6tsforening. Fra 2010 p\u00e5 et nybygget BMX-anl\u00e6g i verdensklasse beliggende ved Roskilde Idr\u00e6ts Center.<\/p>\n<p><strong>BMX-sporten<\/strong><\/p>\n<p>BMX racing er en sp\u00e6ndende og meget seri\u00f8s sport, hvor der er god plads b\u00e5de til individualisten, som \u00f8nsker et meget h\u00f8jt konkurrenceniveau, og til den mere socialt interesserede k\u00f8rer. Der er i alle klubber et rigt klubliv, hvor b\u00e5de gamle, nye, sm\u00e5 og store k\u00f8rere har et godt sammenhold. I de fleste klubber foreg\u00e5r tr\u00e6ningen samlet, hvilket er med til at styrke k\u00f8rernes sociale sammenhold &#8211; trods den store spredning i k\u00f8rernes alder, evner og erfaring. De fleste store l\u00f8b bliver afviklet i weekenderne, hvor hele familien er med og overnatter ved banerne. Der er ofte en skovtursagtig landskampstemning p\u00e5 tilskuerpladserne. Man kan begynde at k\u00f8re BMX, s\u00e5 snart man kan k\u00f8re p\u00e5 cykel uden st\u00f8ttehjul, og der er ikke nogen \u00f8vre aldersgr\u00e6nse. Mange for\u00e6ldre til yngre k\u00f8rere starter selv p\u00e5 sporten for motionens skyld.<\/p>\n<p><strong>BMX-l\u00f8bene<\/strong><\/p>\n<p>BMX er en intens sprint-sport, hvor det kort fortalt g\u00e5r ud p\u00e5 at komme f\u00f8rst gennem en kort bane, der indeholder spring og forhindringer. Man starter otte k\u00f8rere ad gangen, som alle sendes af sted fra en startrampe (<em>gate<\/em>). L\u00f8bet k\u00f8res over tre heat, som alle t\u00e6ller med i den endelige placering. De tre til fire hurtigste k\u00f8rere g\u00e5r videre til semifinale eller finale. Der arrangeres hvert \u00e5r mange l\u00f8b; lige fra sm\u00e5 tr\u00e6ningsl\u00f8b til store nationale og internationale l\u00f8b. De fleste l\u00f8b er \u00e5bne og k\u00f8res som endags l\u00f8b eller i sm\u00e5 serier, s\u00e5 det er muligt at sammens\u00e6tte en personlig st\u00e6vne-kalender, der er tilpasset ens evne, k\u00f8relyst og muligheder. Der k\u00f8res om titler lige fra landsdelsmester, Dansk-, Nordisk-, Europ\u00e6isk- og op til Verdensmester. BMX blev desuden olympisk disciplin i 2008.<\/p>\n<p><strong>Teknik og sikkerhed<\/strong><\/p>\n<p>Det kr\u00e6ver stort mod, styrke, taktisk overblik og k\u00f8reteknisk kunnen at forcere banens forhindringer hurtigt. Farten p\u00e5 de hurtigste k\u00f8rere kan n\u00e5 op p\u00e5 40-50 km i timen, og de fuldf\u00f8rer et heat p\u00e5 35-40 sekunder. K\u00f8rerne k\u00e6mper som piger (Piger) og drenge (Expert) og i mange aldersklasser, s\u00e5 alle sikres et sp\u00e6ndende og fair race. K\u00f8rerne har sikkert t\u00f8j p\u00e5 &#8211; s\u00e5som styrthjelm godkendt til BMX, handsker og tykke benkl\u00e6der (eller k\u00f8rerbukser), lang\u00e6rmet tr\u00f8je og sko med en solid gummibund, s\u00e5 man st\u00e5r fast p\u00e5 pedalerne. Der ud over k\u00f8rer flere med brynje, skinnebens- og kn\u00e6 beskyttere, samt albueeskytter &#8211; sidstn\u00e6vnte er dog ikke obligatorisk.<\/p>\n<p><strong>Hvor kan du henvende dig? <\/strong><\/p>\n<p>Har du lyst til at pr\u00f8ve BMX, kan du henvende dig til en af DCUs klubber. De fleste har egen bane &#8211; eller samarbejder med en klub der har. Ligeledes er der hj\u00e6lp at hente hvis du vil pr\u00f8ve f\u00f8rst og skal k\u00f8be udstyr m.m. S\u00f8g efter den n\u00e6rmeste klub p\u00e5 <a href=\"http:\/\/ny.cyklingdanmark.dk\/\" target=\"_blank\" rel=\"noopener noreferrer\">DCUs hjemmeside<\/a>.<\/p>\n<p>I Roskilde BMX Klub kan du tilmelde dig et &#8220;Kom og Pr\u00f8v&#8221; forl\u00f8b p\u00e5 3 gange,\u00a0 hvis du har lyst til at pr\u00f8ve. <a href=\"http:\/\/roskildebmx.dk\/?page_id=387\">Se mere her\u00a0<\/a><\/p>\n<p><em>(<\/em><em>Denne artikel er baseret p\u00e5 materiale fra Danmarks Motor Union).<\/em><\/p>\n","protected":false},"excerpt":{"rendered":"<p>BMX-cyklen bruges til flere discipliner: Freestyle, en stil-disciplin som k\u00f8res p\u00e5 kraftigt byggede cykler p\u00e5 ramper og andre kunstige forhindringer, og racing, som er en sprinterdisciplin med lettere cykler p\u00e5 en bane med forhindringer. BMX st\u00e5r for Bicycle Moto Cross, og BMX racing er\u00a0 i Danmark organiseret under Danmarks Cykle Union Roskilde BMX Klub tilbyder [&hellip;]<\/p>\n","protected":false},"author":1,"featured_media":18,"parent":0,"menu_order":5,"comment_status":"closed","ping_status":"closed","template":"page-full-width.php","meta":{"footnotes":""},"class_list":["post-51","page","type-page","status-publish","has-post-thumbnail","hentry"],"jetpack_sharing_enabled":true,"jetpack_shortlink":"https:\/\/wp.me\/P7gy79-P","jetpack-related-posts":[{"id":420,"url":"http:\/\/roskildebmx.dk\/?page_id=420","url_meta":{"origin":51,"position":0},"title":"Hvem er vi","author":"Mikael Green","date":"08\/05\/2019","format":false,"excerpt":"VELKOMMEN TIL ROSKILDE BMX KLUB: BMX-cyklen kan bruges til flere discipliner: Freestyle, en stil-disciplin som k\u00f8res p\u00e5 kraftigt byggede cykler p\u00e5 ramper og andre kunstige forhindringer. Racing, som er en sprinterdisciplin med lettere cykler p\u00e5 en bane med forhindringer. BMX st\u00e5r for Bicycle Moto Cross, og BMX racing er i\u2026","rel":"","context":"Similar post","block_context":{"text":"Similar post","link":""},"img":{"alt_text":"","src":"https:\/\/i0.wp.com\/roskildebmx.dk\/wp-content\/uploads\/2017\/10\/SNAB4845.jpg?fit=1200%2C1033&resize=350%2C200","width":350,"height":200,"srcset":"https:\/\/i0.wp.com\/roskildebmx.dk\/wp-content\/uploads\/2017\/10\/SNAB4845.jpg?fit=1200%2C1033&resize=350%2C200 1x, https:\/\/i0.wp.com\/roskildebmx.dk\/wp-content\/uploads\/2017\/10\/SNAB4845.jpg?fit=1200%2C1033&resize=525%2C300 1.5x, https:\/\/i0.wp.com\/roskildebmx.dk\/wp-content\/uploads\/2017\/10\/SNAB4845.jpg?fit=1200%2C1033&resize=700%2C400 2x, https:\/\/i0.wp.com\/roskildebmx.dk\/wp-content\/uploads\/2017\/10\/SNAB4845.jpg?fit=1200%2C1033&resize=1050%2C600 3x"},"classes":[]},{"id":56,"url":"http:\/\/roskildebmx.dk\/?page_id=56","url_meta":{"origin":51,"position":1},"title":"Events","author":"rosbmx","date":"23\/02\/2016","format":false,"excerpt":"\u00d8nsker du at leje Roskilde BMX\u2019s bane til afholdelse af et arrangement, kan du g\u00f8re det til f\u00f8lgende priser: B\u00f8rne- og unge arrangementer (op til 18 \u00e5r), som f.eks. klasse arrangement, b\u00f8rnef\u00f8dselsdag osv.: Pris 2000,- for maksimalt 16 personer, med mindre andet aftales med Roskilde BMX. Instrukt\u00f8r stilles til r\u00e5dighed.\u2026","rel":"","context":"In &quot;Nyheder&quot;","block_context":{"text":"Nyheder","link":"http:\/\/roskildebmx.dk\/?cat=6"},"img":{"alt_text":"","src":"https:\/\/i0.wp.com\/roskildebmx.dk\/wp-content\/uploads\/2016\/02\/events1.jpg?fit=960%2C720&resize=350%2C200","width":350,"height":200,"srcset":"https:\/\/i0.wp.com\/roskildebmx.dk\/wp-content\/uploads\/2016\/02\/events1.jpg?fit=960%2C720&resize=350%2C200 1x, https:\/\/i0.wp.com\/roskildebmx.dk\/wp-content\/uploads\/2016\/02\/events1.jpg?fit=960%2C720&resize=525%2C300 1.5x, https:\/\/i0.wp.com\/roskildebmx.dk\/wp-content\/uploads\/2016\/02\/events1.jpg?fit=960%2C720&resize=700%2C400 2x"},"classes":[]},{"id":475,"url":"http:\/\/roskildebmx.dk\/?page_id=475","url_meta":{"origin":51,"position":2},"title":"Ny i sporten","author":"Mikael Green","date":"26\/09\/2019","format":false,"excerpt":"Er du ny i BMX sporten eller overvejer at starte til BMX, s\u00e5 l\u00e6s mere her. BMX er en individuel ekstremsport, hvor teknik udg\u00f8r en stor del af at kunne k\u00f8re p\u00e5 den rigtige m\u00e5de. Derfor er teknik en stor del af vores tr\u00e6ning, hvor vi blandt andet tr\u00e6ner i\u2026","rel":"","context":"Similar post","block_context":{"text":"Similar post","link":""},"img":{"alt_text":"","src":"https:\/\/i0.wp.com\/roskildebmx.dk\/wp-content\/uploads\/2017\/10\/SNAB4845.jpg?fit=1200%2C1033&resize=350%2C200","width":350,"height":200,"srcset":"https:\/\/i0.wp.com\/roskildebmx.dk\/wp-content\/uploads\/2017\/10\/SNAB4845.jpg?fit=1200%2C1033&resize=350%2C200 1x, https:\/\/i0.wp.com\/roskildebmx.dk\/wp-content\/uploads\/2017\/10\/SNAB4845.jpg?fit=1200%2C1033&resize=525%2C300 1.5x, https:\/\/i0.wp.com\/roskildebmx.dk\/wp-content\/uploads\/2017\/10\/SNAB4845.jpg?fit=1200%2C1033&resize=700%2C400 2x, https:\/\/i0.wp.com\/roskildebmx.dk\/wp-content\/uploads\/2017\/10\/SNAB4845.jpg?fit=1200%2C1033&resize=1050%2C600 3x"},"classes":[]},{"id":387,"url":"http:\/\/roskildebmx.dk\/?page_id=387","url_meta":{"origin":51,"position":3},"title":"Kom og Pr\u00f8v","author":"Mikael Green","date":"12\/03\/2019","format":false,"excerpt":"\u201dKom og Pr\u00f8v\u201d i Roskilde BMX: Vores \u201dKom og pr\u00f8v\u201d koncept forl\u00f8ber over tre gange, hvor man igennem forl\u00f8bet f\u00e5r et stiftet bekendtskab med BMX-sporten, og bliver gjort tryg med at starte i Roskilde BMX. I forbindelse med \u201dKom og pr\u00f8v\u201d, f\u00e5r man stillet cykel og sikkerhedsudstyr til r\u00e5dighed \u2013\u2026","rel":"","context":"In &quot;Nyheder&quot;","block_context":{"text":"Nyheder","link":"http:\/\/roskildebmx.dk\/?cat=6"},"img":{"alt_text":"","src":"https:\/\/i0.wp.com\/roskildebmx.dk\/wp-content\/uploads\/2021\/04\/20210304_182836-scaled.jpg?fit=1200%2C675&resize=350%2C200","width":350,"height":200,"srcset":"https:\/\/i0.wp.com\/roskildebmx.dk\/wp-content\/uploads\/2021\/04\/20210304_182836-scaled.jpg?fit=1200%2C675&resize=350%2C200 1x, https:\/\/i0.wp.com\/roskildebmx.dk\/wp-content\/uploads\/2021\/04\/20210304_182836-scaled.jpg?fit=1200%2C675&resize=525%2C300 1.5x, https:\/\/i0.wp.com\/roskildebmx.dk\/wp-content\/uploads\/2021\/04\/20210304_182836-scaled.jpg?fit=1200%2C675&resize=700%2C400 2x, https:\/\/i0.wp.com\/roskildebmx.dk\/wp-content\/uploads\/2021\/04\/20210304_182836-scaled.jpg?fit=1200%2C675&resize=1050%2C600 3x"},"classes":[]},{"id":28,"url":"http:\/\/roskildebmx.dk\/?page_id=28","url_meta":{"origin":51,"position":4},"title":"Handelsbetingelser","author":"rosbmx","date":"22\/02\/2016","format":false,"excerpt":"Handelsbetingelser Forretningsbetingelser for Roskilde Bmx klub\u00b4s website www.roskildebmx.dk Generelle oplysninger om klubben: Klubbens juridiske navn: Roskilde Bmx klub Selskabsform: Forening CVR-nummer: 32497748 Postadresse: Roskilde Bmx klub Kasserer Gitte Nielsen Darupvang 50A 4000 Roskilde Officiel e-mail adresse: kasserer@roskildebmx.dk Officiel web-adresse: www.roskildebmx.dk PRISER Alle priserne p\u00e5 www.roskildebmx.dk er ikke tillagt moms, da\u2026","rel":"","context":"Similar post","block_context":{"text":"Similar post","link":""},"img":{"alt_text":"","src":"","width":0,"height":0},"classes":[]},{"id":41,"url":"http:\/\/roskildebmx.dk\/?page_id=41","url_meta":{"origin":51,"position":5},"title":"Bestyrelsen","author":"rosbmx","date":"22\/02\/2016","format":false,"excerpt":"Formand: Peter Sylvest SvendsenE-mail: sponsor@roskildebmx.dkPeter er far til Aksel der k\u00f8rer p\u00e5 Hold 3\u00a0N\u00e6stformand: Lizette Peetz H\u00f8ghE-mail: Lizette@roskildebmx.dkLizette er mor til Felix der k\u00f8rer p\u00e5 DevelopmentBestyrelsesmedlem: Martin Gardezi AggergaardE-mail: info@roskildebmx.dkMartin er far til Asger der k\u00f8rer p\u00e5 Development\u00a0 Bestyrelsesmedlem: Philip Christian LundsgaardE-mail:\u00a0pcl@roskildebmx.dkPhilip er far til Simon der k\u00f8rer p\u00e5 DevelopmentKasserer:\u2026","rel":"","context":"Similar post","block_context":{"text":"Similar post","link":""},"img":{"alt_text":"","src":"","width":0,"height":0},"classes":[]}],"_links":{"self":[{"href":"http:\/\/roskildebmx.dk\/index.php?rest_route=\/wp\/v2\/pages\/51","targetHints":{"allow":["GET"]}}],"collection":[{"href":"http:\/\/roskildebmx.dk\/index.php?rest_route=\/wp\/v2\/pages"}],"about":[{"href":"http:\/\/roskildebmx.dk\/index.php?rest_route=\/wp\/v2\/types\/page"}],"author":[{"embeddable":true,"href":"http:\/\/roskildebmx.dk\/index.php?rest_route=\/wp\/v2\/users\/1"}],"replies":[{"embeddable":true,"href":"http:\/\/roskildebmx.dk\/index.php?rest_route=%2Fwp%2Fv2%2Fcomments&post=51"}],"version-history":[{"count":4,"href":"http:\/\/roskildebmx.dk\/index.php?rest_route=\/wp\/v2\/pages\/51\/revisions"}],"predecessor-version":[{"id":471,"href":"http:\/\/roskildebmx.dk\/index.php?rest_route=\/wp\/v2\/pages\/51\/revisions\/471"}],"wp:featuredmedia":[{"embeddable":true,"href":"http:\/\/roskildebmx.dk\/index.php?rest_route=\/wp\/v2\/media\/18"}],"wp:attachment":[{"href":"http:\/\/roskildebmx.dk\/index.php?rest_route=%2Fwp%2Fv2%2Fmedia&parent=51"}],"curies":[{"name":"wp","href":"https:\/\/api.w.org\/{rel}","templated":true}]}}