{"id":56,"date":"2016-02-23T10:01:13","date_gmt":"2016-02-23T09:01:13","guid":{"rendered":"http:\/\/roskildebmx.dk\/?page_id=56"},"modified":"2025-06-09T15:32:57","modified_gmt":"2025-06-09T14:32:57","slug":"events","status":"publish","type":"page","link":"http:\/\/roskildebmx.dk\/?page_id=56","title":{"rendered":"Events"},"content":{"rendered":"<p>\u00d8nsker du at leje Roskilde BMX\u2019s bane til afholdelse af et arrangement, kan du g\u00f8re det til f\u00f8lgende priser:<br \/>\nB\u00f8rne- og unge arrangementer (op til 18 \u00e5r), som f.eks. klasse arrangement,<br \/>\nb\u00f8rnef\u00f8dselsdag osv.:<\/p>\n<ul>\n<li>Pris 2000,- for maksimalt 16 personer, med mindre andet aftales med Roskilde<br \/>\nBMX. Instrukt\u00f8r stilles til r\u00e5dighed.<\/li>\n<\/ul>\n<p>G\u00e6ldende for medlemmer af Roskilde BMX:<\/p>\n<ul>\n<li>Pris 1300,- med instrukt\u00f8r<\/li>\n<li>Pris 800,- uden instrukt\u00f8r<\/li>\n<\/ul>\n<p>Voksenarrangementer, som f.eks. polterabend, firma arrangement, f\u00f8dselsdage,<br \/>\nforenings arrangement osv.:<br \/>\n&#8211; Pris 3000,- for maksimalt 16 personer, med mindre andet aftales med Roskilde<br \/>\nBMX. Instrukt\u00f8r stilles til r\u00e5dighed.<br \/>\n&#8211; Pris 3.500,- for maksimalt 16 personer, med mindre andet aftales med Roskilde<br \/>\nBMX. Instrukt\u00f8r stilles til r\u00e5dighed. Der afvikles afslutningsvis konkurrence, hvor der<br \/>\nefterf\u00f8lgende gennemf\u00f8res pr\u00e6mieoverr\u00e6kkelse med pokaler til top 3.<\/p>\n<p>Alle ovenst\u00e5ende arrangementer har en varighed af 2 timer. Roskilde BMX stiller<br \/>\nbane, cykler og sikkerhedsudstyr til r\u00e5dighed.<\/p>\n<p>BMX er en sport som er forbundet med en vis risiko, hvorfor deltagelse i<br \/>\novenst\u00e5ende arrangementer sker p\u00e5 eget ansvar. Den som st\u00e5r for de respektive<br \/>\narrangementer, skal tilsikre at alle deltagerne (for\u00e6ldre ved b\u00f8rnedeltagelse) er<br \/>\nindforst\u00e5et med at deltagelse sker p\u00e5 eget ansvar.<\/p>\n<p>Henvendelse til arrangement@roskildebmx.dk<\/p>\n","protected":false},"excerpt":{"rendered":"<p>\u00d8nsker du at leje Roskilde BMX\u2019s bane til afholdelse af et arrangement, kan du g\u00f8re det til f\u00f8lgende priser: B\u00f8rne- og unge arrangementer (op til 18 \u00e5r), som f.eks. klasse arrangement, b\u00f8rnef\u00f8dselsdag osv.: Pris 2000,- for maksimalt 16 personer, med mindre andet aftales med Roskilde BMX. Instrukt\u00f8r stilles til r\u00e5dighed. G\u00e6ldende for medlemmer af Roskilde [&hellip;]<\/p>\n","protected":false},"author":1,"featured_media":10,"parent":0,"menu_order":4,"comment_status":"closed","ping_status":"closed","template":"page-full-width.php","meta":{"footnotes":""},"class_list":["post-56","page","type-page","status-publish","has-post-thumbnail","hentry"],"jetpack_sharing_enabled":true,"jetpack_shortlink":"https:\/\/wp.me\/P7gy79-U","jetpack-related-posts":[{"id":387,"url":"http:\/\/roskildebmx.dk\/?page_id=387","url_meta":{"origin":56,"position":0},"title":"Kom og Pr\u00f8v","author":"Mikael Green","date":"12\/03\/2019","format":false,"excerpt":"\u201dKom og Pr\u00f8v\u201d i Roskilde BMX: Vores \u201dKom og pr\u00f8v\u201d koncept forl\u00f8ber over tre gange, hvor man igennem forl\u00f8bet f\u00e5r et stiftet bekendtskab med BMX-sporten, og bliver gjort tryg med at starte i Roskilde BMX. I forbindelse med \u201dKom og pr\u00f8v\u201d, f\u00e5r man stillet cykel og sikkerhedsudstyr til r\u00e5dighed \u2013\u2026","rel":"","context":"In &quot;Nyheder&quot;","block_context":{"text":"Nyheder","link":"http:\/\/roskildebmx.dk\/?cat=6"},"img":{"alt_text":"","src":"https:\/\/i0.wp.com\/roskildebmx.dk\/wp-content\/uploads\/2021\/04\/20210304_182836-scaled.jpg?fit=1200%2C675&resize=350%2C200","width":350,"height":200,"srcset":"https:\/\/i0.wp.com\/roskildebmx.dk\/wp-content\/uploads\/2021\/04\/20210304_182836-scaled.jpg?fit=1200%2C675&resize=350%2C200 1x, https:\/\/i0.wp.com\/roskildebmx.dk\/wp-content\/uploads\/2021\/04\/20210304_182836-scaled.jpg?fit=1200%2C675&resize=525%2C300 1.5x, https:\/\/i0.wp.com\/roskildebmx.dk\/wp-content\/uploads\/2021\/04\/20210304_182836-scaled.jpg?fit=1200%2C675&resize=700%2C400 2x, https:\/\/i0.wp.com\/roskildebmx.dk\/wp-content\/uploads\/2021\/04\/20210304_182836-scaled.jpg?fit=1200%2C675&resize=1050%2C600 3x"},"classes":[]},{"id":28,"url":"http:\/\/roskildebmx.dk\/?page_id=28","url_meta":{"origin":56,"position":1},"title":"Handelsbetingelser","author":"rosbmx","date":"22\/02\/2016","format":false,"excerpt":"Handelsbetingelser Forretningsbetingelser for Roskilde Bmx klub\u00b4s website www.roskildebmx.dk Generelle oplysninger om klubben: Klubbens juridiske navn: Roskilde Bmx klub Selskabsform: Forening CVR-nummer: 32497748 Postadresse: Roskilde Bmx klub Kasserer Gitte Nielsen Darupvang 50A 4000 Roskilde Officiel e-mail adresse: kasserer@roskildebmx.dk Officiel web-adresse: www.roskildebmx.dk PRISER Alle priserne p\u00e5 www.roskildebmx.dk er ikke tillagt moms, da\u2026","rel":"","context":"Similar post","block_context":{"text":"Similar post","link":""},"img":{"alt_text":"","src":"","width":0,"height":0},"classes":[]},{"id":420,"url":"http:\/\/roskildebmx.dk\/?page_id=420","url_meta":{"origin":56,"position":2},"title":"Hvem er vi","author":"Mikael Green","date":"08\/05\/2019","format":false,"excerpt":"VELKOMMEN TIL ROSKILDE BMX KLUB: BMX-cyklen kan bruges til flere discipliner: Freestyle, en stil-disciplin som k\u00f8res p\u00e5 kraftigt byggede cykler p\u00e5 ramper og andre kunstige forhindringer. Racing, som er en sprinterdisciplin med lettere cykler p\u00e5 en bane med forhindringer. BMX st\u00e5r for Bicycle Moto Cross, og BMX racing er i\u2026","rel":"","context":"Similar post","block_context":{"text":"Similar post","link":""},"img":{"alt_text":"","src":"https:\/\/i0.wp.com\/roskildebmx.dk\/wp-content\/uploads\/2017\/10\/SNAB4845.jpg?fit=1200%2C1033&resize=350%2C200","width":350,"height":200,"srcset":"https:\/\/i0.wp.com\/roskildebmx.dk\/wp-content\/uploads\/2017\/10\/SNAB4845.jpg?fit=1200%2C1033&resize=350%2C200 1x, https:\/\/i0.wp.com\/roskildebmx.dk\/wp-content\/uploads\/2017\/10\/SNAB4845.jpg?fit=1200%2C1033&resize=525%2C300 1.5x, https:\/\/i0.wp.com\/roskildebmx.dk\/wp-content\/uploads\/2017\/10\/SNAB4845.jpg?fit=1200%2C1033&resize=700%2C400 2x, https:\/\/i0.wp.com\/roskildebmx.dk\/wp-content\/uploads\/2017\/10\/SNAB4845.jpg?fit=1200%2C1033&resize=1050%2C600 3x"},"classes":[]},{"id":475,"url":"http:\/\/roskildebmx.dk\/?page_id=475","url_meta":{"origin":56,"position":3},"title":"Ny i sporten","author":"Mikael Green","date":"26\/09\/2019","format":false,"excerpt":"Er du ny i BMX sporten eller overvejer at starte til BMX, s\u00e5 l\u00e6s mere her. BMX er en individuel ekstremsport, hvor teknik udg\u00f8r en stor del af at kunne k\u00f8re p\u00e5 den rigtige m\u00e5de. Derfor er teknik en stor del af vores tr\u00e6ning, hvor vi blandt andet tr\u00e6ner i\u2026","rel":"","context":"Similar post","block_context":{"text":"Similar post","link":""},"img":{"alt_text":"","src":"https:\/\/i0.wp.com\/roskildebmx.dk\/wp-content\/uploads\/2017\/10\/SNAB4845.jpg?fit=1200%2C1033&resize=350%2C200","width":350,"height":200,"srcset":"https:\/\/i0.wp.com\/roskildebmx.dk\/wp-content\/uploads\/2017\/10\/SNAB4845.jpg?fit=1200%2C1033&resize=350%2C200 1x, https:\/\/i0.wp.com\/roskildebmx.dk\/wp-content\/uploads\/2017\/10\/SNAB4845.jpg?fit=1200%2C1033&resize=525%2C300 1.5x, https:\/\/i0.wp.com\/roskildebmx.dk\/wp-content\/uploads\/2017\/10\/SNAB4845.jpg?fit=1200%2C1033&resize=700%2C400 2x, https:\/\/i0.wp.com\/roskildebmx.dk\/wp-content\/uploads\/2017\/10\/SNAB4845.jpg?fit=1200%2C1033&resize=1050%2C600 3x"},"classes":[]},{"id":51,"url":"http:\/\/roskildebmx.dk\/?page_id=51","url_meta":{"origin":56,"position":4},"title":"Om BMX","author":"rosbmx","date":"22\/02\/2016","format":false,"excerpt":"BMX-cyklen bruges til flere discipliner: Freestyle, en stil-disciplin som k\u00f8res p\u00e5 kraftigt byggede cykler p\u00e5 ramper og andre kunstige forhindringer, og racing, som er en sprinterdisciplin med lettere cykler p\u00e5 en bane med forhindringer. BMX st\u00e5r for Bicycle Moto Cross, og BMX racing er\u00a0 i Danmark organiseret under Danmarks Cykle\u2026","rel":"","context":"Similar post","block_context":{"text":"Similar post","link":""},"img":{"alt_text":"","src":"https:\/\/i0.wp.com\/roskildebmx.dk\/wp-content\/uploads\/2016\/02\/slide5.jpg?fit=1200%2C797&resize=350%2C200","width":350,"height":200,"srcset":"https:\/\/i0.wp.com\/roskildebmx.dk\/wp-content\/uploads\/2016\/02\/slide5.jpg?fit=1200%2C797&resize=350%2C200 1x, https:\/\/i0.wp.com\/roskildebmx.dk\/wp-content\/uploads\/2016\/02\/slide5.jpg?fit=1200%2C797&resize=525%2C300 1.5x, https:\/\/i0.wp.com\/roskildebmx.dk\/wp-content\/uploads\/2016\/02\/slide5.jpg?fit=1200%2C797&resize=700%2C400 2x, https:\/\/i0.wp.com\/roskildebmx.dk\/wp-content\/uploads\/2016\/02\/slide5.jpg?fit=1200%2C797&resize=1050%2C600 3x"},"classes":[]},{"id":49,"url":"http:\/\/roskildebmx.dk\/?page_id=49","url_meta":{"origin":56,"position":5},"title":"ATK","author":"rosbmx","date":"22\/02\/2016","format":false,"excerpt":"\u00a0 Aldersrelateret tr\u00e6ning\u00a0(ATK) F\u00f8lgende dokument beskriver hvorledes aldersrelateret tr\u00e6ning (ATK) er implementeret i tr\u00e6ningen hos Roskilde BMX Klub. Udgangspunkter er ATK\u2019en som er udviklet af Christian Munk Poulsen, BMX Landstr\u00e6neren under DMU. ATK bruges som kriterie for at indplaceres den enkelte ud\u00f8ver p\u00e5 de hold som Roskilde BMX klub tilbyder,\u2026","rel":"","context":"Similar post","block_context":{"text":"Similar post","link":""},"img":{"alt_text":"","src":"https:\/\/i0.wp.com\/roskildebmx.dk\/wp-content\/uploads\/2016\/02\/pubperiode.jpg?resize=350%2C200","width":350,"height":200,"srcset":"https:\/\/i0.wp.com\/roskildebmx.dk\/wp-content\/uploads\/2016\/02\/pubperiode.jpg?resize=350%2C200 1x, https:\/\/i0.wp.com\/roskildebmx.dk\/wp-content\/uploads\/2016\/02\/pubperiode.jpg?resize=525%2C300 1.5x"},"classes":[]}],"_links":{"self":[{"href":"http:\/\/roskildebmx.dk\/index.php?rest_route=\/wp\/v2\/pages\/56","targetHints":{"allow":["GET"]}}],"collection":[{"href":"http:\/\/roskildebmx.dk\/index.php?rest_route=\/wp\/v2\/pages"}],"about":[{"href":"http:\/\/roskildebmx.dk\/index.php?rest_route=\/wp\/v2\/types\/page"}],"author":[{"embeddable":true,"href":"http:\/\/roskildebmx.dk\/index.php?rest_route=\/wp\/v2\/users\/1"}],"replies":[{"embeddable":true,"href":"http:\/\/roskildebmx.dk\/index.php?rest_route=%2Fwp%2Fv2%2Fcomments&post=56"}],"version-history":[{"count":9,"href":"http:\/\/roskildebmx.dk\/index.php?rest_route=\/wp\/v2\/pages\/56\/revisions"}],"predecessor-version":[{"id":871,"href":"http:\/\/roskildebmx.dk\/index.php?rest_route=\/wp\/v2\/pages\/56\/revisions\/871"}],"wp:featuredmedia":[{"embeddable":true,"href":"http:\/\/roskildebmx.dk\/index.php?rest_route=\/wp\/v2\/media\/10"}],"wp:attachment":[{"href":"http:\/\/roskildebmx.dk\/index.php?rest_route=%2Fwp%2Fv2%2Fmedia&parent=56"}],"curies":[{"name":"wp","href":"https:\/\/api.w.org\/{rel}","templated":true}]}}